{"id":2941,"date":"2022-01-26T21:15:55","date_gmt":"2022-01-26T21:15:55","guid":{"rendered":"http:\/\/revesen.de\/?page_id=2941"},"modified":"2025-05-20T20:46:55","modified_gmt":"2025-05-20T20:46:55","slug":"fusbodenheizung","status":"publish","type":"page","link":"https:\/\/revesen.de\/index.php\/fusbodenheizung\/","title":{"rendered":"Fu\u00dfbodenheizung"},"content":{"rendered":"<div class=\"fusion-fullwidth fullwidth-box fusion-builder-row-1 fusion-flex-container nonhundred-percent-fullwidth non-hundred-percent-height-scrolling\" style=\"--awb-border-radius-top-left:0px;--awb-border-radius-top-right:0px;--awb-border-radius-bottom-right:0px;--awb-border-radius-bottom-left:0px;--awb-flex-wrap:wrap;\" ><div class=\"fusion-builder-row fusion-row fusion-flex-align-items-flex-start fusion-flex-content-wrap\" style=\"max-width:1424.8px;margin-left: calc(-4% \/ 2 );margin-right: calc(-4% \/ 2 );\"><div class=\"fusion-layout-column fusion_builder_column fusion-builder-column-0 fusion_builder_column_1_1 1_1 fusion-flex-column\" style=\"--awb-bg-size:cover;--awb-width-large:100%;--awb-margin-top-large:0px;--awb-spacing-right-large:1.92%;--awb-margin-bottom-large:20px;--awb-spacing-left-large:1.92%;--awb-width-medium:100%;--awb-order-medium:0;--awb-spacing-right-medium:1.92%;--awb-spacing-left-medium:1.92%;--awb-width-small:100%;--awb-order-small:0;--awb-spacing-right-small:1.92%;--awb-spacing-left-small:1.92%;\"><div class=\"fusion-column-wrapper fusion-column-has-shadow fusion-flex-justify-content-flex-start fusion-content-layout-column\"><div class=\"fusion-text fusion-text-1\" style=\"--awb-text-transform:none;\"><p class=\"\" data-start=\"49\" data-end=\"100\"><strong data-start=\"49\" data-end=\"100\">Fu\u00dfbodenheizung und Holzb\u00f6den der Marke REVESEN<\/strong><\/p>\n<p class=\"\" data-start=\"102\" data-end=\"625\">Die Fu\u00dfbodenheizung wird in modernen H\u00e4usern immer beliebter, da sie eine hohe Energieeffizienz sowie eine gleichm\u00e4\u00dfige Temperaturverteilung in den R\u00e4umen bietet. Die Wahl des richtigen Bodenbelags ist entscheidend f\u00fcr die optimale Funktion dieses Systems. Dank langj\u00e4hriger Erfahrung, durchgef\u00fchrter Tests und der Zufriedenheit unserer Kunden empfehlen wir mit voller \u00dcberzeugung die Verwendung von REVESEN-Holzdielen in Kombination mit Fu\u00dfbodenheizung \u2013 unter der Voraussetzung, dass die Nutzungshinweise beachtet werden.<\/p>\n<p class=\"\" data-start=\"627\" data-end=\"660\"><strong data-start=\"627\" data-end=\"660\">Vorteile der Fu\u00dfbodenheizung:<\/strong><\/p>\n<ul data-start=\"662\" data-end=\"1230\">\n<li class=\"\" data-start=\"662\" data-end=\"798\">\n<p class=\"\" data-start=\"664\" data-end=\"798\"><strong data-start=\"664\" data-end=\"702\">Gleichm\u00e4\u00dfige Temperaturverteilung:<\/strong> Sorgt f\u00fcr angenehme W\u00e4rme im gesamten Raum ohne K\u00e4ltebereiche und erh\u00f6ht den Nutzungskomfort.<\/p>\n<\/li>\n<li class=\"\" data-start=\"799\" data-end=\"953\">\n<p class=\"\" data-start=\"801\" data-end=\"953\"><strong data-start=\"801\" data-end=\"826\">Bessere Luftqualit\u00e4t:<\/strong> Weniger Luftbewegung reduziert die Abnahme der Luftfeuchtigkeit und minimiert die Staubzirkulation \u2013 wichtig f\u00fcr Allergiker.<\/p>\n<\/li>\n<li class=\"\" data-start=\"954\" data-end=\"1097\">\n<p class=\"\" data-start=\"956\" data-end=\"1097\"><strong data-start=\"956\" data-end=\"977\">Energieeffizienz:<\/strong> Im Vergleich zur Konvektionsheizung k\u00f6nnen bis zu 8\u202f% Energiekosten eingespart werden \u2013 ein wirtschaftlicher Vorteil.<\/p>\n<\/li>\n<li class=\"\" data-start=\"1098\" data-end=\"1230\">\n<p class=\"\" data-start=\"1100\" data-end=\"1230\"><strong data-start=\"1100\" data-end=\"1140\">Kompatibilit\u00e4t mit moderner Technik:<\/strong> Ideal kombinierbar mit W\u00e4rmepumpen und Photovoltaikanlagen \u2013 eine zukunftssichere L\u00f6sung.<\/p>\n<\/li>\n<\/ul>\n<p class=\"\" data-start=\"1232\" data-end=\"1274\"><strong data-start=\"1232\" data-end=\"1274\">Herausforderungen der Fu\u00dfbodenheizung:<\/strong><\/p>\n<ul data-start=\"1276\" data-end=\"1695\">\n<li class=\"\" data-start=\"1276\" data-end=\"1451\">\n<p class=\"\" data-start=\"1278\" data-end=\"1451\"><strong data-start=\"1278\" data-end=\"1309\">H\u00f6here Installationskosten:<\/strong> Die Anfangsinvestition ist in der Regel h\u00f6her als bei herk\u00f6mmlichen Systemen, kann sich jedoch langfristig durch Einsparungen amortisieren.<\/p>\n<\/li>\n<li class=\"\" data-start=\"1452\" data-end=\"1552\">\n<p class=\"\" data-start=\"1454\" data-end=\"1552\"><strong data-start=\"1454\" data-end=\"1477\">Temperaturregelung:<\/strong> Pr\u00e4zisere Steuerung erforderlich, um optimalen Komfort zu gew\u00e4hrleisten.<\/p>\n<\/li>\n<li class=\"\" data-start=\"1553\" data-end=\"1695\">\n<p class=\"\" data-start=\"1555\" data-end=\"1695\"><strong data-start=\"1555\" data-end=\"1583\">M\u00f6bel mit Bodenfreiheit:<\/strong> Es wird empfohlen, M\u00f6bel mit mindestens 10\u202fcm hohen Beinen zu verwenden, um die W\u00e4rmeabgabe nicht zu behindern.<\/p>\n<\/li>\n<\/ul>\n<p class=\"\" data-start=\"1697\" data-end=\"1750\"><strong data-start=\"1697\" data-end=\"1750\">Optimierung des Bodenaufbaus bei Fu\u00dfbodenheizung:<\/strong><\/p>\n<p class=\"\" data-start=\"1752\" data-end=\"2176\">F\u00fcr die beste W\u00e4rmeleistung empfehlen wir ein spiralf\u00f6rmiges Heizsystem sowie die Verwendung von hartem Beton mit hoher W\u00e4rmeleitf\u00e4higkeit. REVESEN-Dielen sollten vollfl\u00e4chig verklebt werden \u2013 dies verbessert die W\u00e4rmeleitung und verhindert den \u201eLuftraum-Effekt\u201c, der bei schwimmender Verlegung auftreten kann. Zus\u00e4tzlich bietet verklebtes Parkett bessere Akustik und geringere Verformungsneigung bei Mikroklimaschwankungen.<\/p>\n<p class=\"\" data-start=\"2178\" data-end=\"2215\"><strong data-start=\"2178\" data-end=\"2215\">Eigenschaften der REVESEN-Dielen:<\/strong><\/p>\n<ul data-start=\"2217\" data-end=\"2640\">\n<li class=\"\" data-start=\"2217\" data-end=\"2348\">\n<p class=\"\" data-start=\"2219\" data-end=\"2348\"><strong data-start=\"2219\" data-end=\"2245\">Hohe Dichte und H\u00e4rte:<\/strong> Unsere Eichenholzdielen leiten W\u00e4rme hervorragend \u2013 ideal f\u00fcr Fu\u00dfbodenheizung und hohen Wohnkomfort.<\/p>\n<\/li>\n<li class=\"\" data-start=\"2349\" data-end=\"2517\">\n<p class=\"\" data-start=\"2351\" data-end=\"2517\"><strong data-start=\"2351\" data-end=\"2384\">Sorgf\u00e4ltig getrocknetes Holz:<\/strong> Saisoniertes Holz ist widerstandsf\u00e4higer gegen\u00fcber Feuchtigkeits- und Temperaturschwankungen und bietet hohe Dimensionsstabilit\u00e4t.<\/p>\n<\/li>\n<li class=\"\" data-start=\"2518\" data-end=\"2640\">\n<p class=\"\" data-start=\"2520\" data-end=\"2640\"><strong data-start=\"2520\" data-end=\"2542\">Fasung der Kanten:<\/strong> Empfohlen, da sie nat\u00fcrliche Volumenver\u00e4nderungen optisch kaschieren und Reparaturen erleichtern.<\/p>\n<\/li>\n<\/ul>\n<p class=\"\" data-start=\"2642\" data-end=\"2665\"><strong data-start=\"2642\" data-end=\"2665\">Pflege und Nutzung:<\/strong><\/p>\n<ul data-start=\"2667\" data-end=\"3115\">\n<li class=\"\" data-start=\"2667\" data-end=\"2856\">\n<p class=\"\" data-start=\"2669\" data-end=\"2856\"><strong data-start=\"2669\" data-end=\"2696\">Hartwachs\u00f6l-Oberfl\u00e4che:<\/strong> Unsere Dielen werden mit offenporigem Hartwachs\u00f6l behandelt \u2013 das unterst\u00fctzt den nat\u00fcrlichen Feuchtigkeitsaustausch des Holzes und verbessert das Raumklima.<\/p>\n<\/li>\n<li class=\"\" data-start=\"2857\" data-end=\"2986\">\n<p class=\"\" data-start=\"2859\" data-end=\"2986\"><strong data-start=\"2859\" data-end=\"2883\">Mikroklimakontrolle:<\/strong> Ganzj\u00e4hrige Kontrolle der Luftfeuchtigkeit sch\u00fctzt das Holz und sorgt f\u00fcr angenehme Wohnbedingungen.<\/p>\n<\/li>\n<li class=\"\" data-start=\"2987\" data-end=\"3115\">\n<p class=\"\" data-start=\"2989\" data-end=\"3115\"><strong data-start=\"2989\" data-end=\"3015\">Oberfl\u00e4chentemperatur:<\/strong> Um Sch\u00e4den zu vermeiden, sollte die Oberfl\u00e4chentemperatur des Holzbodens 26\u202f\u00b0C nicht \u00fcberschreiten.<\/p>\n<\/li>\n<\/ul>\n<p class=\"\" data-start=\"3117\" data-end=\"3174\"><strong data-start=\"3117\" data-end=\"3174\">Technische Aspekte von Holzb\u00f6den mit Fu\u00dfbodenheizung:<\/strong><\/p>\n<p class=\"\" data-start=\"3176\" data-end=\"3509\">Studien zeigen, dass zweischichtige Dielen mit 14\u202fmm Dicke und 6\u202fmm Nutzschicht eine vergleichbare W\u00e4rmeleitf\u00e4higkeit wie massive Dielen mit 15\u201316\u202fmm aufweisen. Dreischichtige Elemente mit d\u00fcnner Decklage und dickerem Nadelholz-Kern leiten zwar weniger gut W\u00e4rme, sind jedoch weniger empfindlich gegen\u00fcber klimatischen Ver\u00e4nderungen.<\/p>\n<p class=\"\" data-start=\"3511\" data-end=\"3573\"><strong data-start=\"3511\" data-end=\"3573\">Tabelle der W\u00e4rmeleitwiderst\u00e4nde ausgew\u00e4hlter Materialien:<\/strong><\/p>\n<div class=\"_tableContainer_16hzy_1\">\n<div class=\"_tableWrapper_16hzy_14 group flex w-fit flex-col-reverse\" tabindex=\"-1\">\n<table class=\"w-fit min-w-(--thread-content-width)\" data-start=\"3575\" data-end=\"4045\">\n<thead data-start=\"3575\" data-end=\"3620\">\n<tr data-start=\"3575\" data-end=\"3620\">\n<th data-start=\"3575\" data-end=\"3581\" data-col-size=\"sm\">Nr.<\/th>\n<th data-start=\"3581\" data-end=\"3593\" data-col-size=\"sm\">Belagsart<\/th>\n<th data-start=\"3593\" data-end=\"3620\" data-col-size=\"sm\">W\u00e4rmewiderstand (m\u00b2K\/W)<\/th>\n<\/tr>\n<\/thead>\n<tbody data-start=\"3669\" data-end=\"4045\">\n<tr data-start=\"3669\" data-end=\"3702\">\n<td data-start=\"3669\" data-end=\"3673\" data-col-size=\"sm\">1<\/td>\n<td data-start=\"3673\" data-end=\"3693\" data-col-size=\"sm\">Eichenmosaik 8 mm<\/td>\n<td data-col-size=\"sm\" data-start=\"3693\" data-end=\"3702\">0,049<\/td>\n<\/tr>\n<tr data-start=\"3703\" data-end=\"3737\">\n<td data-start=\"3703\" data-end=\"3707\" data-col-size=\"sm\">2<\/td>\n<td data-start=\"3707\" data-end=\"3728\" data-col-size=\"sm\">Eichenmosaik 16 mm<\/td>\n<td data-start=\"3728\" data-end=\"3737\" data-col-size=\"sm\">0,091<\/td>\n<\/tr>\n<tr data-start=\"3738\" data-end=\"3790\">\n<td data-start=\"3738\" data-end=\"3742\" data-col-size=\"sm\">3<\/td>\n<td data-start=\"3742\" data-end=\"3781\" data-col-size=\"sm\">2-Schicht-Parkett Eiche 11 mm (3 mm)<\/td>\n<td data-col-size=\"sm\" data-start=\"3781\" data-end=\"3790\">0,066<\/td>\n<\/tr>\n<tr data-start=\"3791\" data-end=\"3832\">\n<td data-start=\"3791\" data-end=\"3795\" data-col-size=\"sm\">4<\/td>\n<td data-start=\"3795\" data-end=\"3823\" data-col-size=\"sm\">Massivparkett Eiche 20 mm<\/td>\n<td data-col-size=\"sm\" data-start=\"3823\" data-end=\"3832\">0,116<\/td>\n<\/tr>\n<tr data-start=\"3833\" data-end=\"3883\">\n<td data-start=\"3833\" data-end=\"3837\" data-col-size=\"sm\">5<\/td>\n<td data-start=\"3837\" data-end=\"3874\" data-col-size=\"sm\">2-Schicht-Diele Eiche 14 mm (6 mm)<\/td>\n<td data-col-size=\"sm\" data-start=\"3874\" data-end=\"3883\">0,082<\/td>\n<\/tr>\n<tr data-start=\"3884\" data-end=\"3923\">\n<td data-start=\"3884\" data-end=\"3888\" data-col-size=\"sm\">6<\/td>\n<td data-start=\"3888\" data-end=\"3914\" data-col-size=\"sm\">Massivdiele Eiche 16 mm<\/td>\n<td data-col-size=\"sm\" data-start=\"3914\" data-end=\"3923\">0,087<\/td>\n<\/tr>\n<tr data-start=\"3924\" data-end=\"3959\">\n<td data-start=\"3924\" data-end=\"3928\" data-col-size=\"sm\">7<\/td>\n<td data-start=\"3928\" data-end=\"3950\" data-col-size=\"sm\">Keramikfliese 13 mm<\/td>\n<td data-col-size=\"sm\" data-start=\"3950\" data-end=\"3959\">0,013<\/td>\n<\/tr>\n<tr data-start=\"3960\" data-end=\"4003\">\n<td data-start=\"3960\" data-end=\"3964\" data-col-size=\"sm\">8<\/td>\n<td data-col-size=\"sm\" data-start=\"3964\" data-end=\"3994\">3-Schicht-Diele Eiche 14 mm<\/td>\n<td data-col-size=\"sm\" data-start=\"3994\" data-end=\"4003\">0,115<\/td>\n<\/tr>\n<tr data-start=\"4004\" data-end=\"4045\">\n<td data-start=\"4004\" data-end=\"4008\" data-col-size=\"sm\">9<\/td>\n<td data-col-size=\"sm\" data-start=\"4008\" data-end=\"4036\">Massivparkett Eiche 22 mm<\/td>\n<td data-col-size=\"sm\" data-start=\"4036\" data-end=\"4045\">0,124<\/td>\n<\/tr>\n<\/tbody>\n<\/table>\n<\/div>\n<\/div>\n<p><strong>Luftfeuchtigkeit, Temperatur und Holzfeuchte:<\/strong><\/p>\n<p>Die Holzfeuchte steht in engem Zusammenhang mit der relativen Luftfeuchtigkeit und der Umgebungstemperatur. Schwankungen dieser Werte wirken sich direkt auf das Verhalten des Holzbodens aus \u2013 deshalb ist die Aufrechterhaltung stabiler Raumklimabedingungen entscheidend.<\/p>\n<p><strong>Fazit:<\/strong><\/p>\n<p>Kann man massive Eichenholzdielen von REVESEN mit einer Fu\u00dfbodenheizung kombinieren? Unsere Erfahrung, wissenschaftliche Studien und das Feedback von Fachleuten best\u00e4tigen: Ja. Entscheidend sind die richtige Dielenst\u00e4rke und eine fachgerechte Verlegung. Kontaktieren Sie gerne unser B\u00fcro f\u00fcr eine individuelle Beratung. Bei sachgem\u00e4\u00dfer Pflege und Nutzung begleitet Sie ein Holzfu\u00dfboden mit Fu\u00dfbodenheizung \u00fcber viele Jahre \u2013 und sogar Generationen.<\/p>\n<p><strong>Quellen:<\/strong><br \/>\nProfessioneller Parkett Nr. 4\/90\/2017<br \/>\nMurator Nr. 7 vom 01.07.2014<\/p>\n<\/div><\/div><\/div><\/div><\/div>\n","protected":false},"excerpt":{"rendered":"","protected":false},"author":1,"featured_media":0,"parent":0,"menu_order":0,"comment_status":"closed","ping_status":"closed","template":"","meta":{"footnotes":""},"class_list":["post-2941","page","type-page","status-publish","hentry"],"yoast_head":"<!-- This site is optimized with the Yoast SEO plugin v27.2 - https:\/\/yoast.com\/product\/yoast-seo-wordpress\/ -->\n<title>Fu\u00dfbodenheizung - Revesen - producent pod\u0142\u00f3g drewnianych<\/title>\n<meta name=\"description\" content=\"Ogrzewanie pod\u0142ogowe i deski drewniane REVESEN to idealne po\u0142\u0105czenie efektywno\u015bci cieplnej i elegancji. Dowiedz si\u0119, jak dobra\u0107 najlepsze pod\u0142ogi na ogrzewanie pod\u0142ogowe.\" \/>\n<meta name=\"robots\" content=\"index, follow, max-snippet:-1, max-image-preview:large, max-video-preview:-1\" \/>\n<link rel=\"canonical\" href=\"https:\/\/revesen.de\/index.php\/fusbodenheizung\/\" \/>\n<meta property=\"og:locale\" content=\"pl_PL\" \/>\n<meta property=\"og:type\" content=\"article\" \/>\n<meta property=\"og:title\" content=\"Fu\u00dfbodenheizung - Revesen - producent pod\u0142\u00f3g drewnianych\" \/>\n<meta property=\"og:description\" content=\"Ogrzewanie pod\u0142ogowe i deski drewniane REVESEN to idealne po\u0142\u0105czenie efektywno\u015bci cieplnej i elegancji. Dowiedz si\u0119, jak dobra\u0107 najlepsze pod\u0142ogi na ogrzewanie pod\u0142ogowe.\" \/>\n<meta property=\"og:url\" content=\"https:\/\/revesen.de\/index.php\/fusbodenheizung\/\" \/>\n<meta property=\"og:site_name\" content=\"Revesen - producent pod\u0142\u00f3g drewnianych\" \/>\n<meta property=\"article:modified_time\" content=\"2025-05-20T20:46:55+00:00\" \/>\n<meta name=\"twitter:card\" content=\"summary_large_image\" \/>\n<meta name=\"twitter:label1\" content=\"Szacowany czas czytania\" \/>\n\t<meta name=\"twitter:data1\" content=\"3 minuty\" \/>\n<script type=\"application\/ld+json\" class=\"yoast-schema-graph\">{\"@context\":\"https:\/\/schema.org\",\"@graph\":[{\"@type\":\"WebPage\",\"@id\":\"https:\/\/revesen.de\/index.php\/fusbodenheizung\/\",\"url\":\"https:\/\/revesen.de\/index.php\/fusbodenheizung\/\",\"name\":\"Fu\u00dfbodenheizung - Revesen - producent pod\u0142\u00f3g drewnianych\",\"isPartOf\":{\"@id\":\"https:\/\/revesen.de\/#website\"},\"datePublished\":\"2022-01-26T21:15:55+00:00\",\"dateModified\":\"2025-05-20T20:46:55+00:00\",\"description\":\"Ogrzewanie pod\u0142ogowe i deski drewniane REVESEN to idealne po\u0142\u0105czenie efektywno\u015bci cieplnej i elegancji. Dowiedz si\u0119, jak dobra\u0107 najlepsze pod\u0142ogi na ogrzewanie pod\u0142ogowe.\",\"breadcrumb\":{\"@id\":\"https:\/\/revesen.de\/index.php\/fusbodenheizung\/#breadcrumb\"},\"inLanguage\":\"pl-PL\",\"potentialAction\":[{\"@type\":\"ReadAction\",\"target\":[\"https:\/\/revesen.de\/index.php\/fusbodenheizung\/\"]}]},{\"@type\":\"BreadcrumbList\",\"@id\":\"https:\/\/revesen.de\/index.php\/fusbodenheizung\/#breadcrumb\",\"itemListElement\":[{\"@type\":\"ListItem\",\"position\":1,\"name\":\"Strona g\u0142\u00f3wna\",\"item\":\"https:\/\/revesen.de\/\"},{\"@type\":\"ListItem\",\"position\":2,\"name\":\"Fu\u00dfbodenheizung\"}]},{\"@type\":\"WebSite\",\"@id\":\"https:\/\/revesen.de\/#website\",\"url\":\"https:\/\/revesen.de\/\",\"name\":\"Revesen - producent pod\u0142\u00f3g drewnianych - Nowy S\u0105cz, Gorlice\",\"description\":\"Producent wysokiej jako\u015bci pod\u0142\u00f3g drewnianych z najwy\u017cszej jako\u015bci drewna\",\"publisher\":{\"@id\":\"https:\/\/revesen.de\/#\/schema\/person\/0239b11af0fef7a3fce8892a684f3003\"},\"potentialAction\":[{\"@type\":\"SearchAction\",\"target\":{\"@type\":\"EntryPoint\",\"urlTemplate\":\"https:\/\/revesen.de\/?s={search_term_string}\"},\"query-input\":{\"@type\":\"PropertyValueSpecification\",\"valueRequired\":true,\"valueName\":\"search_term_string\"}}],\"inLanguage\":\"pl-PL\"},{\"@type\":[\"Person\",\"Organization\"],\"@id\":\"https:\/\/revesen.de\/#\/schema\/person\/0239b11af0fef7a3fce8892a684f3003\",\"name\":\"admin\",\"image\":{\"@type\":\"ImageObject\",\"inLanguage\":\"pl-PL\",\"@id\":\"https:\/\/revesen.de\/wp-content\/uploads\/2022\/02\/logo-ciemne.jpg\",\"url\":\"https:\/\/revesen.de\/wp-content\/uploads\/2022\/02\/logo-ciemne.jpg\",\"contentUrl\":\"https:\/\/revesen.de\/wp-content\/uploads\/2022\/02\/logo-ciemne.jpg\",\"width\":233,\"height\":180,\"caption\":\"admin\"},\"logo\":{\"@id\":\"https:\/\/revesen.de\/wp-content\/uploads\/2022\/02\/logo-ciemne.jpg\"},\"sameAs\":[\"http:\/\/revesen.de\"]}]}<\/script>\n<!-- \/ Yoast SEO plugin. -->","yoast_head_json":{"title":"Fu\u00dfbodenheizung - Revesen - producent pod\u0142\u00f3g drewnianych","description":"Ogrzewanie pod\u0142ogowe i deski drewniane REVESEN to idealne po\u0142\u0105czenie efektywno\u015bci cieplnej i elegancji. Dowiedz si\u0119, jak dobra\u0107 najlepsze pod\u0142ogi na ogrzewanie pod\u0142ogowe.","robots":{"index":"index","follow":"follow","max-snippet":"max-snippet:-1","max-image-preview":"max-image-preview:large","max-video-preview":"max-video-preview:-1"},"canonical":"https:\/\/revesen.de\/index.php\/fusbodenheizung\/","og_locale":"pl_PL","og_type":"article","og_title":"Fu\u00dfbodenheizung - Revesen - producent pod\u0142\u00f3g drewnianych","og_description":"Ogrzewanie pod\u0142ogowe i deski drewniane REVESEN to idealne po\u0142\u0105czenie efektywno\u015bci cieplnej i elegancji. Dowiedz si\u0119, jak dobra\u0107 najlepsze pod\u0142ogi na ogrzewanie pod\u0142ogowe.","og_url":"https:\/\/revesen.de\/index.php\/fusbodenheizung\/","og_site_name":"Revesen - producent pod\u0142\u00f3g drewnianych","article_modified_time":"2025-05-20T20:46:55+00:00","twitter_card":"summary_large_image","twitter_misc":{"Szacowany czas czytania":"3 minuty"},"schema":{"@context":"https:\/\/schema.org","@graph":[{"@type":"WebPage","@id":"https:\/\/revesen.de\/index.php\/fusbodenheizung\/","url":"https:\/\/revesen.de\/index.php\/fusbodenheizung\/","name":"Fu\u00dfbodenheizung - Revesen - producent pod\u0142\u00f3g drewnianych","isPartOf":{"@id":"https:\/\/revesen.de\/#website"},"datePublished":"2022-01-26T21:15:55+00:00","dateModified":"2025-05-20T20:46:55+00:00","description":"Ogrzewanie pod\u0142ogowe i deski drewniane REVESEN to idealne po\u0142\u0105czenie efektywno\u015bci cieplnej i elegancji. Dowiedz si\u0119, jak dobra\u0107 najlepsze pod\u0142ogi na ogrzewanie pod\u0142ogowe.","breadcrumb":{"@id":"https:\/\/revesen.de\/index.php\/fusbodenheizung\/#breadcrumb"},"inLanguage":"pl-PL","potentialAction":[{"@type":"ReadAction","target":["https:\/\/revesen.de\/index.php\/fusbodenheizung\/"]}]},{"@type":"BreadcrumbList","@id":"https:\/\/revesen.de\/index.php\/fusbodenheizung\/#breadcrumb","itemListElement":[{"@type":"ListItem","position":1,"name":"Strona g\u0142\u00f3wna","item":"https:\/\/revesen.de\/"},{"@type":"ListItem","position":2,"name":"Fu\u00dfbodenheizung"}]},{"@type":"WebSite","@id":"https:\/\/revesen.de\/#website","url":"https:\/\/revesen.de\/","name":"Revesen - producent pod\u0142\u00f3g drewnianych - Nowy S\u0105cz, Gorlice","description":"Producent wysokiej jako\u015bci pod\u0142\u00f3g drewnianych z najwy\u017cszej jako\u015bci drewna","publisher":{"@id":"https:\/\/revesen.de\/#\/schema\/person\/0239b11af0fef7a3fce8892a684f3003"},"potentialAction":[{"@type":"SearchAction","target":{"@type":"EntryPoint","urlTemplate":"https:\/\/revesen.de\/?s={search_term_string}"},"query-input":{"@type":"PropertyValueSpecification","valueRequired":true,"valueName":"search_term_string"}}],"inLanguage":"pl-PL"},{"@type":["Person","Organization"],"@id":"https:\/\/revesen.de\/#\/schema\/person\/0239b11af0fef7a3fce8892a684f3003","name":"admin","image":{"@type":"ImageObject","inLanguage":"pl-PL","@id":"https:\/\/revesen.de\/wp-content\/uploads\/2022\/02\/logo-ciemne.jpg","url":"https:\/\/revesen.de\/wp-content\/uploads\/2022\/02\/logo-ciemne.jpg","contentUrl":"https:\/\/revesen.de\/wp-content\/uploads\/2022\/02\/logo-ciemne.jpg","width":233,"height":180,"caption":"admin"},"logo":{"@id":"https:\/\/revesen.de\/wp-content\/uploads\/2022\/02\/logo-ciemne.jpg"},"sameAs":["http:\/\/revesen.de"]}]}},"_links":{"self":[{"href":"https:\/\/revesen.de\/index.php\/wp-json\/wp\/v2\/pages\/2941","targetHints":{"allow":["GET"]}}],"collection":[{"href":"https:\/\/revesen.de\/index.php\/wp-json\/wp\/v2\/pages"}],"about":[{"href":"https:\/\/revesen.de\/index.php\/wp-json\/wp\/v2\/types\/page"}],"author":[{"embeddable":true,"href":"https:\/\/revesen.de\/index.php\/wp-json\/wp\/v2\/users\/1"}],"replies":[{"embeddable":true,"href":"https:\/\/revesen.de\/index.php\/wp-json\/wp\/v2\/comments?post=2941"}],"version-history":[{"count":8,"href":"https:\/\/revesen.de\/index.php\/wp-json\/wp\/v2\/pages\/2941\/revisions"}],"predecessor-version":[{"id":6052,"href":"https:\/\/revesen.de\/index.php\/wp-json\/wp\/v2\/pages\/2941\/revisions\/6052"}],"wp:attachment":[{"href":"https:\/\/revesen.de\/index.php\/wp-json\/wp\/v2\/media?parent=2941"}],"curies":[{"name":"wp","href":"https:\/\/api.w.org\/{rel}","templated":true}]}}