{"id":2947,"date":"2022-01-26T21:32:41","date_gmt":"2022-01-26T21:32:41","guid":{"rendered":"http:\/\/revesen.de\/?page_id=2947"},"modified":"2025-05-20T20:50:39","modified_gmt":"2025-05-20T20:50:39","slug":"hartwachsol-oder-lack","status":"publish","type":"page","link":"https:\/\/revesen.de\/index.php\/hartwachsol-oder-lack\/","title":{"rendered":"HARTWACHS\u00d6L ODER LACK?"},"content":{"rendered":"<div class=\"fusion-fullwidth fullwidth-box fusion-builder-row-1 fusion-flex-container nonhundred-percent-fullwidth non-hundred-percent-height-scrolling\" style=\"--awb-border-radius-top-left:0px;--awb-border-radius-top-right:0px;--awb-border-radius-bottom-right:0px;--awb-border-radius-bottom-left:0px;--awb-flex-wrap:wrap;\" ><div class=\"fusion-builder-row fusion-row fusion-flex-align-items-flex-start fusion-flex-content-wrap\" style=\"max-width:1424.8px;margin-left: calc(-4% \/ 2 );margin-right: calc(-4% \/ 2 );\"><div class=\"fusion-layout-column fusion_builder_column fusion-builder-column-0 fusion_builder_column_1_1 1_1 fusion-flex-column\" style=\"--awb-bg-size:cover;--awb-width-large:100%;--awb-margin-top-large:0px;--awb-spacing-right-large:1.92%;--awb-margin-bottom-large:20px;--awb-spacing-left-large:1.92%;--awb-width-medium:100%;--awb-order-medium:0;--awb-spacing-right-medium:1.92%;--awb-spacing-left-medium:1.92%;--awb-width-small:100%;--awb-order-small:0;--awb-spacing-right-small:1.92%;--awb-spacing-left-small:1.92%;\"><div class=\"fusion-column-wrapper fusion-column-has-shadow fusion-flex-justify-content-flex-start fusion-content-layout-column\"><div class=\"fusion-text fusion-text-1\" style=\"--awb-text-transform:none;--awb-text-font-family:var(--awb-typography4-font-family);--awb-text-font-weight:var(--awb-typography4-font-weight);--awb-text-font-style:var(--awb-typography4-font-style);\"><header class=\"entry-header\"><strong data-start=\"67\" data-end=\"93\">HARTWACHS\u00d6L ODER LACK?<\/strong><\/p>\n<p class=\"\" data-start=\"95\" data-end=\"117\"><strong data-start=\"95\" data-end=\"117\">Warum Hartwachs\u00f6l?<\/strong><\/p>\n<p class=\"\" data-start=\"119\" data-end=\"424\">Hartwachs\u00f6l konserviert und h\u00e4rtet das Holz, verleiht ihm oft auch eine einzigartige, warme Farbnuance. Der sogenannte \u201eharte\u201c Wachs sch\u00fctzt das Holz an der Oberfl\u00e4che. Er bildet eine d\u00fcnne, nahezu unsichtbare Schutzschicht, die den Boden vor Wasser und Schmutz bewahrt und das Holz somit wirksam sch\u00fctzt.<\/p>\n<p class=\"\" data-start=\"426\" data-end=\"641\">Hartwachse bestehen aus nat\u00fcrlichen Inhaltsstoffen und sind daher gesundheitlich unbedenklich. Sie werden sogar zur Behandlung von Holzspielzeug f\u00fcr Kleinkinder verwendet \u2013 ein deutlicher Beweis f\u00fcr ihre Sicherheit.<\/p>\n<p class=\"\" data-start=\"643\" data-end=\"680\"><strong data-start=\"643\" data-end=\"680\">Weitere Vorteile von Hartwachs\u00f6l:<\/strong><\/p>\n<ul data-start=\"682\" data-end=\"1333\">\n<li class=\"\" data-start=\"682\" data-end=\"835\">\n<p class=\"\" data-start=\"684\" data-end=\"835\">Bei gr\u00f6\u00dferen Besch\u00e4digungen kann man einzelne Bereiche auffrischen, ohne den gesamten Boden abschleifen zu m\u00fcssen \u2013 im Gegensatz zu lackierten B\u00f6den.<\/p>\n<\/li>\n<li class=\"\" data-start=\"836\" data-end=\"944\">\n<p class=\"\" data-start=\"838\" data-end=\"944\">\u00d6le betonen die nat\u00fcrliche Maserung des Holzes und verleihen ihm ein authentisches, lebendiges Aussehen.<\/p>\n<\/li>\n<li class=\"\" data-start=\"945\" data-end=\"1015\">\n<p class=\"\" data-start=\"947\" data-end=\"1015\">Die ge\u00f6lte Oberfl\u00e4che f\u00fchlt sich angenehm an \u2013 man sp\u00fcrt das Holz.<\/p>\n<\/li>\n<li class=\"\" data-start=\"1016\" data-end=\"1096\">\n<p class=\"\" data-start=\"1018\" data-end=\"1096\">Sie ist antistatisch und verursacht keine Allergien \u2013 zieht keinen Staub an.<\/p>\n<\/li>\n<li class=\"\" data-start=\"1097\" data-end=\"1158\">\n<p class=\"\" data-start=\"1099\" data-end=\"1158\">Selbst auf dunklen ge\u00f6lten B\u00f6den ist Staub kaum sichtbar.<\/p>\n<\/li>\n<li class=\"\" data-start=\"1159\" data-end=\"1212\">\n<p class=\"\" data-start=\"1161\" data-end=\"1212\">Weniger rutschig, und Kratzer sind kaum sichtbar.<\/p>\n<\/li>\n<li class=\"\" data-start=\"1213\" data-end=\"1257\">\n<p class=\"\" data-start=\"1215\" data-end=\"1257\">Das Holz \u201earbeitet\u201c freier und stabiler.<\/p>\n<\/li>\n<li class=\"\" data-start=\"1258\" data-end=\"1333\">\n<p class=\"\" data-start=\"1260\" data-end=\"1333\">Alterung erfolgt auf nat\u00fcrliche Weise und verleiht dem Boden Charakter.<\/p>\n<\/li>\n<\/ul>\n<p class=\"\" data-start=\"1335\" data-end=\"1613\">Damit der Boden pflegeleicht und langlebig bleibt, sollte er in den ersten Nutzungsjahren regelm\u00e4\u00dfig mit einem speziellen, m\u00f6glichst farblosen Pflegewachs behandelt werden. Die H\u00e4ufigkeit der Pflege h\u00e4ngt vom urspr\u00fcnglichen Finish ab \u2013 in der Regel alle paar bis mehrere Monate.<\/p>\n<hr class=\"\" data-start=\"1615\" data-end=\"1618\" \/>\n<h3 class=\"\" data-start=\"1620\" data-end=\"1644\"><strong data-start=\"1624\" data-end=\"1644\">Lackierte B\u00f6den?<\/strong><\/h3>\n<p class=\"\" data-start=\"1646\" data-end=\"1865\">Bei lackierten B\u00f6den m\u00f6chten wir einen Punkt betonen, der von unseren Kunden h\u00e4ufig angesprochen wird: Die Unm\u00f6glichkeit, nur besch\u00e4digte Teilbereiche zu reparieren \u2013 meist muss der gesamte Boden abgeschliffen werden.<\/p>\n<p class=\"\" data-start=\"1867\" data-end=\"2046\">Moderne Lacke werden zwar zunehmend umweltfreundlicher hergestellt, doch das f\u00fchrt oft dazu, dass sie weicher sind als fr\u00fcher \u2013 die Schutzschicht ist somit anf\u00e4lliger f\u00fcr Sch\u00e4den.<\/p>\n<div class=\"_tableContainer_16hzy_1\">\n<div class=\"_tableWrapper_16hzy_14 group flex w-fit flex-col-reverse\" tabindex=\"-1\">\n<table class=\"w-fit min-w-(--thread-content-width)\" data-start=\"2048\" data-end=\"2526\">\n<thead data-start=\"2048\" data-end=\"2114\">\n<tr data-start=\"2048\" data-end=\"2114\">\n<th data-start=\"2048\" data-end=\"2081\" data-col-size=\"md\"><strong data-start=\"2050\" data-end=\"2080\">Nachteile lackierter B\u00f6den<\/strong><\/th>\n<th data-start=\"2081\" data-end=\"2114\" data-col-size=\"md\"><strong data-start=\"2083\" data-end=\"2112\">Vorteile lackierter B\u00f6den<\/strong><\/th>\n<\/tr>\n<\/thead>\n<tbody data-start=\"2181\" data-end=\"2526\">\n<tr data-start=\"2181\" data-end=\"2312\">\n<td data-start=\"2181\" data-end=\"2253\" data-col-size=\"md\">Meist auf Basis synthetischer Chemikalien \u2013 gesundheitlich bedenklich<\/td>\n<td data-col-size=\"md\" data-start=\"2253\" data-end=\"2312\">Mehrere Lackschichten bilden eine starke Schutzbarriere<\/td>\n<\/tr>\n<tr data-start=\"2313\" data-end=\"2431\">\n<td data-start=\"2313\" data-end=\"2376\" data-col-size=\"md\">Zur Reparatur ist fast immer das komplette Abschleifen n\u00f6tig<\/td>\n<td data-col-size=\"md\" data-start=\"2376\" data-end=\"2431\">Lackierter Boden kann hochgl\u00e4nzend gestaltet werden<\/td>\n<\/tr>\n<tr data-start=\"2432\" data-end=\"2485\">\n<td data-start=\"2432\" data-end=\"2462\" data-col-size=\"md\">Rutschig und kalt im Gef\u00fchl<\/td>\n<td data-col-size=\"md\" data-start=\"2462\" data-end=\"2485\">Einfach zu reinigen<\/td>\n<\/tr>\n<tr data-start=\"2486\" data-end=\"2526\">\n<td data-start=\"2486\" data-end=\"2521\" data-col-size=\"md\">Elektrostatisch \u2013 zieht Staub an<\/td>\n<td data-col-size=\"md\" data-start=\"2521\" data-end=\"2526\">\u2014<\/td>\n<\/tr>\n<\/tbody>\n<\/table>\n<\/div>\n<\/div>\n<\/header>\n<div class=\"entry-content\">\n<table cellspacing=\"0\" cellpadding=\"0\">\n<tbody>\n<tr>\n<td valign=\"middle\"><\/td>\n<td valign=\"middle\"><\/td>\n<\/tr>\n<tr>\n<td valign=\"middle\"><\/td>\n<td valign=\"middle\"><\/td>\n<\/tr>\n<tr>\n<td valign=\"middle\"><\/td>\n<td valign=\"middle\"><\/td>\n<\/tr>\n<tr>\n<td valign=\"middle\"><\/td>\n<td valign=\"middle\"><\/td>\n<\/tr>\n<tr>\n<td valign=\"middle\"><\/td>\n<td valign=\"middle\"><\/td>\n<\/tr>\n<tr>\n<td valign=\"middle\"><\/td>\n<\/tr>\n<\/tbody>\n<\/table>\n<\/div>\n<\/div><\/div><\/div><\/div><\/div>\n","protected":false},"excerpt":{"rendered":"","protected":false},"author":1,"featured_media":0,"parent":0,"menu_order":0,"comment_status":"closed","ping_status":"closed","template":"","meta":{"footnotes":""},"class_list":["post-2947","page","type-page","status-publish","hentry"],"yoast_head":"<!-- This site is optimized with the Yoast SEO plugin v27.2 - https:\/\/yoast.com\/product\/yoast-seo-wordpress\/ -->\n<title>HARTWACHS\u00d6L ODER LACK? - Revesen - producent pod\u0142\u00f3g drewnianych<\/title>\n<meta name=\"robots\" content=\"index, follow, max-snippet:-1, max-image-preview:large, max-video-preview:-1\" \/>\n<link rel=\"canonical\" href=\"https:\/\/revesen.de\/index.php\/hartwachsol-oder-lack\/\" \/>\n<meta property=\"og:locale\" content=\"pl_PL\" \/>\n<meta property=\"og:type\" content=\"article\" \/>\n<meta property=\"og:title\" content=\"HARTWACHS\u00d6L ODER LACK? - Revesen - producent pod\u0142\u00f3g drewnianych\" \/>\n<meta property=\"og:url\" content=\"https:\/\/revesen.de\/index.php\/hartwachsol-oder-lack\/\" \/>\n<meta property=\"og:site_name\" content=\"Revesen - producent pod\u0142\u00f3g drewnianych\" \/>\n<meta property=\"article:modified_time\" content=\"2025-05-20T20:50:39+00:00\" \/>\n<meta name=\"twitter:card\" content=\"summary_large_image\" \/>\n<meta name=\"twitter:label1\" content=\"Szacowany czas czytania\" \/>\n\t<meta name=\"twitter:data1\" content=\"2 minuty\" \/>\n<script type=\"application\/ld+json\" class=\"yoast-schema-graph\">{\"@context\":\"https:\/\/schema.org\",\"@graph\":[{\"@type\":\"WebPage\",\"@id\":\"https:\/\/revesen.de\/index.php\/hartwachsol-oder-lack\/\",\"url\":\"https:\/\/revesen.de\/index.php\/hartwachsol-oder-lack\/\",\"name\":\"HARTWACHS\u00d6L ODER LACK? - Revesen - producent pod\u0142\u00f3g drewnianych\",\"isPartOf\":{\"@id\":\"https:\/\/revesen.de\/#website\"},\"datePublished\":\"2022-01-26T21:32:41+00:00\",\"dateModified\":\"2025-05-20T20:50:39+00:00\",\"breadcrumb\":{\"@id\":\"https:\/\/revesen.de\/index.php\/hartwachsol-oder-lack\/#breadcrumb\"},\"inLanguage\":\"pl-PL\",\"potentialAction\":[{\"@type\":\"ReadAction\",\"target\":[\"https:\/\/revesen.de\/index.php\/hartwachsol-oder-lack\/\"]}]},{\"@type\":\"BreadcrumbList\",\"@id\":\"https:\/\/revesen.de\/index.php\/hartwachsol-oder-lack\/#breadcrumb\",\"itemListElement\":[{\"@type\":\"ListItem\",\"position\":1,\"name\":\"Strona g\u0142\u00f3wna\",\"item\":\"https:\/\/revesen.de\/\"},{\"@type\":\"ListItem\",\"position\":2,\"name\":\"HARTWACHS\u00d6L ODER LACK?\"}]},{\"@type\":\"WebSite\",\"@id\":\"https:\/\/revesen.de\/#website\",\"url\":\"https:\/\/revesen.de\/\",\"name\":\"Revesen - producent pod\u0142\u00f3g drewnianych - Nowy S\u0105cz, Gorlice\",\"description\":\"Producent wysokiej jako\u015bci pod\u0142\u00f3g drewnianych z najwy\u017cszej jako\u015bci drewna\",\"publisher\":{\"@id\":\"https:\/\/revesen.de\/#\/schema\/person\/0239b11af0fef7a3fce8892a684f3003\"},\"potentialAction\":[{\"@type\":\"SearchAction\",\"target\":{\"@type\":\"EntryPoint\",\"urlTemplate\":\"https:\/\/revesen.de\/?s={search_term_string}\"},\"query-input\":{\"@type\":\"PropertyValueSpecification\",\"valueRequired\":true,\"valueName\":\"search_term_string\"}}],\"inLanguage\":\"pl-PL\"},{\"@type\":[\"Person\",\"Organization\"],\"@id\":\"https:\/\/revesen.de\/#\/schema\/person\/0239b11af0fef7a3fce8892a684f3003\",\"name\":\"admin\",\"image\":{\"@type\":\"ImageObject\",\"inLanguage\":\"pl-PL\",\"@id\":\"https:\/\/revesen.de\/wp-content\/uploads\/2022\/02\/logo-ciemne.jpg\",\"url\":\"https:\/\/revesen.de\/wp-content\/uploads\/2022\/02\/logo-ciemne.jpg\",\"contentUrl\":\"https:\/\/revesen.de\/wp-content\/uploads\/2022\/02\/logo-ciemne.jpg\",\"width\":233,\"height\":180,\"caption\":\"admin\"},\"logo\":{\"@id\":\"https:\/\/revesen.de\/wp-content\/uploads\/2022\/02\/logo-ciemne.jpg\"},\"sameAs\":[\"http:\/\/revesen.de\"]}]}<\/script>\n<!-- \/ Yoast SEO plugin. -->","yoast_head_json":{"title":"HARTWACHS\u00d6L ODER LACK? - Revesen - producent pod\u0142\u00f3g drewnianych","robots":{"index":"index","follow":"follow","max-snippet":"max-snippet:-1","max-image-preview":"max-image-preview:large","max-video-preview":"max-video-preview:-1"},"canonical":"https:\/\/revesen.de\/index.php\/hartwachsol-oder-lack\/","og_locale":"pl_PL","og_type":"article","og_title":"HARTWACHS\u00d6L ODER LACK? - Revesen - producent pod\u0142\u00f3g drewnianych","og_url":"https:\/\/revesen.de\/index.php\/hartwachsol-oder-lack\/","og_site_name":"Revesen - producent pod\u0142\u00f3g drewnianych","article_modified_time":"2025-05-20T20:50:39+00:00","twitter_card":"summary_large_image","twitter_misc":{"Szacowany czas czytania":"2 minuty"},"schema":{"@context":"https:\/\/schema.org","@graph":[{"@type":"WebPage","@id":"https:\/\/revesen.de\/index.php\/hartwachsol-oder-lack\/","url":"https:\/\/revesen.de\/index.php\/hartwachsol-oder-lack\/","name":"HARTWACHS\u00d6L ODER LACK? - Revesen - producent pod\u0142\u00f3g drewnianych","isPartOf":{"@id":"https:\/\/revesen.de\/#website"},"datePublished":"2022-01-26T21:32:41+00:00","dateModified":"2025-05-20T20:50:39+00:00","breadcrumb":{"@id":"https:\/\/revesen.de\/index.php\/hartwachsol-oder-lack\/#breadcrumb"},"inLanguage":"pl-PL","potentialAction":[{"@type":"ReadAction","target":["https:\/\/revesen.de\/index.php\/hartwachsol-oder-lack\/"]}]},{"@type":"BreadcrumbList","@id":"https:\/\/revesen.de\/index.php\/hartwachsol-oder-lack\/#breadcrumb","itemListElement":[{"@type":"ListItem","position":1,"name":"Strona g\u0142\u00f3wna","item":"https:\/\/revesen.de\/"},{"@type":"ListItem","position":2,"name":"HARTWACHS\u00d6L ODER LACK?"}]},{"@type":"WebSite","@id":"https:\/\/revesen.de\/#website","url":"https:\/\/revesen.de\/","name":"Revesen - producent pod\u0142\u00f3g drewnianych - Nowy S\u0105cz, Gorlice","description":"Producent wysokiej jako\u015bci pod\u0142\u00f3g drewnianych z najwy\u017cszej jako\u015bci drewna","publisher":{"@id":"https:\/\/revesen.de\/#\/schema\/person\/0239b11af0fef7a3fce8892a684f3003"},"potentialAction":[{"@type":"SearchAction","target":{"@type":"EntryPoint","urlTemplate":"https:\/\/revesen.de\/?s={search_term_string}"},"query-input":{"@type":"PropertyValueSpecification","valueRequired":true,"valueName":"search_term_string"}}],"inLanguage":"pl-PL"},{"@type":["Person","Organization"],"@id":"https:\/\/revesen.de\/#\/schema\/person\/0239b11af0fef7a3fce8892a684f3003","name":"admin","image":{"@type":"ImageObject","inLanguage":"pl-PL","@id":"https:\/\/revesen.de\/wp-content\/uploads\/2022\/02\/logo-ciemne.jpg","url":"https:\/\/revesen.de\/wp-content\/uploads\/2022\/02\/logo-ciemne.jpg","contentUrl":"https:\/\/revesen.de\/wp-content\/uploads\/2022\/02\/logo-ciemne.jpg","width":233,"height":180,"caption":"admin"},"logo":{"@id":"https:\/\/revesen.de\/wp-content\/uploads\/2022\/02\/logo-ciemne.jpg"},"sameAs":["http:\/\/revesen.de"]}]}},"_links":{"self":[{"href":"https:\/\/revesen.de\/index.php\/wp-json\/wp\/v2\/pages\/2947","targetHints":{"allow":["GET"]}}],"collection":[{"href":"https:\/\/revesen.de\/index.php\/wp-json\/wp\/v2\/pages"}],"about":[{"href":"https:\/\/revesen.de\/index.php\/wp-json\/wp\/v2\/types\/page"}],"author":[{"embeddable":true,"href":"https:\/\/revesen.de\/index.php\/wp-json\/wp\/v2\/users\/1"}],"replies":[{"embeddable":true,"href":"https:\/\/revesen.de\/index.php\/wp-json\/wp\/v2\/comments?post=2947"}],"version-history":[{"count":5,"href":"https:\/\/revesen.de\/index.php\/wp-json\/wp\/v2\/pages\/2947\/revisions"}],"predecessor-version":[{"id":6053,"href":"https:\/\/revesen.de\/index.php\/wp-json\/wp\/v2\/pages\/2947\/revisions\/6053"}],"wp:attachment":[{"href":"https:\/\/revesen.de\/index.php\/wp-json\/wp\/v2\/media?parent=2947"}],"curies":[{"name":"wp","href":"https:\/\/api.w.org\/{rel}","templated":true}]}}