{"id":2956,"date":"2022-01-26T21:44:34","date_gmt":"2022-01-26T21:44:34","guid":{"rendered":"http:\/\/revesen.de\/?page_id=2956"},"modified":"2025-06-02T19:36:40","modified_gmt":"2025-06-02T19:36:40","slug":"wartung-und-garantie","status":"publish","type":"page","link":"https:\/\/revesen.de\/index.php\/wartung-und-garantie\/","title":{"rendered":"Wartung und Garantie"},"content":{"rendered":"<div class=\"fusion-fullwidth fullwidth-box fusion-builder-row-1 fusion-flex-container nonhundred-percent-fullwidth non-hundred-percent-height-scrolling\" style=\"--awb-border-radius-top-left:0px;--awb-border-radius-top-right:0px;--awb-border-radius-bottom-right:0px;--awb-border-radius-bottom-left:0px;--awb-flex-wrap:wrap;\" ><div class=\"fusion-builder-row fusion-row fusion-flex-align-items-flex-start fusion-flex-content-wrap\" style=\"max-width:1424.8px;margin-left: calc(-4% \/ 2 );margin-right: calc(-4% \/ 2 );\"><div class=\"fusion-layout-column fusion_builder_column fusion-builder-column-0 fusion_builder_column_4_5 4_5 fusion-flex-column\" style=\"--awb-bg-size:cover;--awb-width-large:80%;--awb-margin-top-large:0px;--awb-spacing-right-large:2.4%;--awb-margin-bottom-large:20px;--awb-spacing-left-large:2.4%;--awb-width-medium:80%;--awb-order-medium:0;--awb-spacing-right-medium:2.4%;--awb-spacing-left-medium:2.4%;--awb-width-small:100%;--awb-order-small:0;--awb-spacing-right-small:1.92%;--awb-spacing-left-small:1.92%;\"><div class=\"fusion-column-wrapper fusion-column-has-shadow fusion-flex-justify-content-flex-start fusion-content-layout-column\"><div class=\"fusion-text fusion-text-1\" style=\"--awb-font-size:var(--awb-typography4-font-size);--awb-line-height:var(--awb-typography4-line-height);--awb-letter-spacing:var(--awb-typography4-letter-spacing);--awb-text-transform:var(--awb-typography4-text-transform);--awb-margin-left:50px;--awb-text-font-family:var(--awb-typography4-font-family);--awb-text-font-weight:var(--awb-typography4-font-weight);--awb-text-font-style:var(--awb-typography4-font-style);\"><h3 data-start=\"49\" data-end=\"85\"><strong data-start=\"53\" data-end=\"85\">Pflege von Revesen-Holzb\u00f6den<\/strong><\/h3>\n<p data-start=\"87\" data-end=\"497\">Die Holzb\u00f6den von Revesen, einem renommierten Hersteller von Bodenbrettern f\u00fcr Fu\u00dfbodenheizung, verleihen unseren R\u00e4umen Eleganz und Einzigartigkeit. Um jedoch ihre Langlebigkeit sowie ihre \u00e4sthetischen und funktionalen Eigenschaften zu bewahren, ist eine angemessene Pflege der Schutzschicht des Bodens erforderlich. So k\u00f6nnen wir viele Jahre lang die Sch\u00f6nheit der Revesen-B\u00f6den auf Fu\u00dfbodenheizung genie\u00dfen.<\/p>\n<p data-start=\"499\" data-end=\"1740\">Holz als hygroskopisches Material reagiert empfindlich auf pl\u00f6tzliche Temperatur- und Luftfeuchtigkeitsschwankungen. In der Heizperiode, wenn die Luftfeuchtigkeit sinkt, wird der Einsatz von Luftbefeuchtern empfohlen, um eine optimale Luftfeuchtigkeit von 50\u201360\u202f% aufrechtzuerhalten. Aufgrund der nat\u00fcrlichen Holzbewegung d\u00fcrfen keine luftundurchl\u00e4ssigen Materialien auf den Revesen-Holzb\u00f6den verwendet werden. Versch\u00fcttete Fl\u00fcssigkeiten sollten sofort entfernt werden, damit kein Wasser auf der Oberfl\u00e4che stehen bleibt. Alle Stuhl-, Tisch- und M\u00f6belf\u00fc\u00dfe sind mit Filz- oder Gummigleitern zu versehen, und bei B\u00fcrost\u00fchlen sollten weiche Rollen verwendet werden. Schmutz, Sand und andere Verunreinigungen sind umgehend zu entfernen, da sie die Oberfl\u00e4che der Heizbodendielen zerkratzen k\u00f6nnen. F\u00fcr die Pflege der B\u00f6den sollten ausschlie\u00dflich geeignete Reinigungsmittel verwendet werden, die speziell auf den jeweiligen Bodentyp abgestimmt sind. Die Einhaltung dieser Empfehlungen verl\u00e4ngert die Lebensdauer der Revesen-Holzb\u00f6den erheblich. Es ist jedoch zu beachten, dass wechselnde Witterungsverh\u00e4ltnisse und nat\u00fcrliche Holzbewegungen nicht in der Verantwortung des Herstellers liegen und daher keine Grundlage f\u00fcr Reklamationen darstellen.<\/p>\n<hr data-start=\"1742\" data-end=\"1745\">\n<h3 data-start=\"1747\" data-end=\"1801\"><strong data-start=\"1751\" data-end=\"1801\">Garantiebedingungen \u2013 Nut-und-Feder-Bodenbrett<\/strong><\/h3>\n<ul data-start=\"1803\" data-end=\"2420\">\n<li data-start=\"1803\" data-end=\"1909\">\n<p data-start=\"1805\" data-end=\"1909\"><strong data-start=\"1805\" data-end=\"1820\">Toleranzen:<\/strong> St\u00e4rke +\/- 0,5 mm, Breite +\/- 0,5 mm, L\u00e4nge +\/- 1 mm, Oberfl\u00e4chenunebenheit bis 0,5 mm<\/p>\n<\/li>\n<li data-start=\"1910\" data-end=\"1942\">\n<p data-start=\"1912\" data-end=\"1942\"><strong data-start=\"1912\" data-end=\"1928\">Holzfeuchte:<\/strong> 9\u202f% +1\/-3\u202f%<\/p>\n<\/li>\n<li data-start=\"1943\" data-end=\"2208\">\n<p data-start=\"1945\" data-end=\"2208\"><strong data-start=\"1945\" data-end=\"1965\">Klassifizierung:<\/strong> Beschreibung der Qualit\u00e4tsklassen auf Anfrage erh\u00e4ltlich; bezieht sich auf die Oberseite des Brettes. Nat\u00fcrliche Farbabweichungen und Maserungsverl\u00e4ufe sind zul\u00e4ssig. Farbunterschiede zwischen einzelnen Paketen und Lieferungen sind m\u00f6glich.<\/p>\n<\/li>\n<li data-start=\"2209\" data-end=\"2420\">\n<p data-start=\"2211\" data-end=\"2420\"><strong data-start=\"2211\" data-end=\"2247\">Charakteristische Eigenschaften:<\/strong> Hohe H\u00e4rte, Resistenz gegen biologische Zersetzung, akustische Isoliereigenschaften sowie nat\u00fcrliche Regulierung der Luftfeuchtigkeit. Das Produkt ist allergikerfreundlich.<\/p>\n<\/li>\n<\/ul>\n<hr data-start=\"2422\" data-end=\"2425\">\n<h3 data-start=\"2427\" data-end=\"2462\"><strong data-start=\"2431\" data-end=\"2462\">Informationen zur Verlegung<\/strong><\/h3>\n<p data-start=\"2464\" data-end=\"2526\">Bretter erst direkt vor der Verlegung aus der Folie entnehmen.<\/p>\n<p data-start=\"2528\" data-end=\"2884\">Das Material muss vor der Verlegung \u00fcberpr\u00fcft werden. Wird der Boden von einem nicht vom Hersteller empfohlenen Unternehmen verlegt, sind eventuelle Sch\u00e4den und M\u00e4ngel vor der Verlegung dem Verk\u00e4ufer zu melden. Reklamationen nach der Verlegung werden nicht ber\u00fccksichtigt. Die Verlegung sollte von einem Fachbetrieb f\u00fcr Parkettarbeiten durchgef\u00fchrt werden.<\/p>\n<p data-start=\"2886\" data-end=\"3699\">Der Fachmann muss die Tragf\u00e4higkeit und Ebenheit des Untergrunds, die W\u00e4rme- und Feuchtigkeitsschutzisolierung, die Verlegebedingungen sowie das Parkettmaterial beurteilen und die richtige Vorgehensweise vorschlagen. Gegebenenfalls muss der Untergrund verbessert, der Raum und das Material akklimatisiert werden, um ein hygroskopisches Gleichgewicht zwischen Raumluft und Holz zu erzielen. Die optimale Holzfeuchte bei der Verlegung betr\u00e4gt 9\u202f% +\/- 2\u202f% bei einer Luftfeuchtigkeit von 45\u201355\u202f% und einer Untergrundfeuchte von max. 2\u202f% bei Zementestrich, bei Fu\u00dfbodenheizung max. 1,6\u202f% (Anhydrit bis 0,5\u202f%). Der Estrich und die Klebeverbindung m\u00fcssen eine Druckfestigkeit von mindestens 35\u202fMPa und eine Scherfestigkeit von mindestens 3,5\u202fN\/mm\u00b2 aufweisen. Die Ebenheitsabweichung darf h\u00f6chstens 5\u202fmm auf 2\u202fm betragen.<\/p>\n<p data-start=\"3701\" data-end=\"4190\">Vor der Verlegung ist der Untergrund gem\u00e4\u00df den Anweisungen auf dem Kleber mit einer Grundierung zu behandeln. F\u00fcr die Verlegung auf Fu\u00dfbodenheizung sind ausschlie\u00dflich Polyurethankleber zu verwenden. Dehnungsfugen von ca. 5\u202fmm pro Meter (mindestens jedoch 15\u202fmm) sind an W\u00e4nden und T\u00fcrrahmen freizulassen. Als Endbeschichtung kann ein Lack-, \u00d6l- oder Wachssystem verwendet werden. F\u00fcr die Verlegung und Versiegelung sollten Produkte namhafter Hersteller von Parkettchemie verwendet werden.<\/p>\n<hr data-start=\"4192\" data-end=\"4195\">\n<h3 data-start=\"4197\" data-end=\"4244\"><strong data-start=\"4201\" data-end=\"4244\">Garantiebedingungen f\u00fcr Fu\u00dfbodenheizung<\/strong><\/h3>\n<p data-start=\"4246\" data-end=\"4380\">Wir garantieren, dass unsere Bodenbretter f\u00fcr den Einsatz auf Fu\u00dfbodenheizung geeignet sind, sofern folgende Bedingungen erf\u00fcllt sind:<\/p>\n<ul data-start=\"4382\" data-end=\"5610\">\n<li data-start=\"4382\" data-end=\"4562\">\n<p data-start=\"4384\" data-end=\"4562\">Die maximale Oberfl\u00e4chentemperatur darf w\u00e4hrend der gesamten Nutzungsdauer 26\u202f\u00b0C nicht \u00fcberschreiten. Zur Kontrolle sind Temperaturplomben unter dem Bodenbelag zu installieren.<\/p>\n<\/li>\n<li data-start=\"4563\" data-end=\"4619\">\n<p data-start=\"4565\" data-end=\"4619\">Die Verlegung muss durch einen Fachbetrieb erfolgen.<\/p>\n<\/li>\n<li data-start=\"4620\" data-end=\"4694\">\n<p data-start=\"4622\" data-end=\"4694\">Der Untergrund muss den geltenden Normen f\u00fcr Holzfu\u00dfb\u00f6den entsprechen.<\/p>\n<\/li>\n<li data-start=\"4695\" data-end=\"4765\">\n<p data-start=\"4697\" data-end=\"4765\">Die Oberfl\u00e4che des Untergrunds ist vor der Verlegung zu schleifen.<\/p>\n<\/li>\n<li data-start=\"4766\" data-end=\"4813\">\n<p data-start=\"4768\" data-end=\"4813\">Temperatur\u00fcberwachungsplomben sind Pflicht.<\/p>\n<\/li>\n<li data-start=\"4814\" data-end=\"5012\">\n<p data-start=\"4816\" data-end=\"5012\">W\u00e4hrend der Verlegung und Nutzung m\u00fcssen geeignete Raumklimabedingungen eingehalten werden \u2013 insbesondere eine relative Luftfeuchtigkeit zwischen 45\u202f% und 65\u202f% bei einer Temperatur von 18\u201321\u202f\u00b0C.<\/p>\n<\/li>\n<li data-start=\"5013\" data-end=\"5167\">\n<p data-start=\"5015\" data-end=\"5167\">Zu hohe Luftfeuchtigkeit kann zu Quellung und W\u00f6lbung f\u00fchren, zu geringe zu Schrumpfung und Fugenbildung \u2013 beides stellt keinen Reklamationsgrund dar.<\/p>\n<\/li>\n<li data-start=\"5168\" data-end=\"5294\">\n<p data-start=\"5170\" data-end=\"5294\">Der Boden muss verklebt verlegt werden \u2013 f\u00fcr bessere W\u00e4rme\u00fcbertragung und zur Reduzierung von Quell- und Schwindverhalten.<\/p>\n<\/li>\n<li data-start=\"5295\" data-end=\"5449\">\n<p data-start=\"5297\" data-end=\"5449\">Auf beheizten Holzfu\u00dfb\u00f6den d\u00fcrfen keine Teppiche liegen, da unter ihnen Hitzestaus entstehen, die zu \u00fcberm\u00e4\u00dfiger Austrocknung und Fugenbildung f\u00fchren.<\/p>\n<\/li>\n<li data-start=\"5450\" data-end=\"5513\">\n<p data-start=\"5452\" data-end=\"5513\">Im Winter ist der Einsatz von Luftbefeuchtern unerl\u00e4sslich.<\/p>\n<\/li>\n<li data-start=\"5514\" data-end=\"5610\">\n<p data-start=\"5516\" data-end=\"5610\">Die Nichtbeachtung der genannten Richtlinien f\u00fchrt zum Ausschluss jeglicher Garantieanspr\u00fcche.<\/p>\n<\/li>\n<\/ul>\n<hr data-start=\"5612\" data-end=\"5615\">\n<h3 data-start=\"5617\" data-end=\"5645\"><strong data-start=\"5621\" data-end=\"5645\">Reinigung und Pflege<\/strong><\/h3>\n<p data-start=\"5647\" data-end=\"6026\">Reinigung und Pflege sind gem\u00e4\u00df der beiliegenden Anleitung durchzuf\u00fchren. Die Pflegeintervalle sind an die Nutzungsh\u00e4ufigkeit anzupassen. Die t\u00e4gliche Pflege kann sich auf das Staubsaugen oder Kehren beschr\u00e4nken. Schmutz und Sand sind sofort zu entfernen, da sie Kratzer verursachen und den Boden schneller abnutzen. Stuhl- und M\u00f6belf\u00fc\u00dfe sollten mit Filzgleitern versehen werden.<\/p>\n<p data-start=\"6028\" data-end=\"6283\">F\u00fcr die Pflege von Massivholzparkett sind geeignete Pflegemittel von namhaften Herstellern f\u00fcr Lack-, \u00d6l- oder Wachsoberfl\u00e4chen zu verwenden. Mittel mit Silikonanteil sind strikt zu vermeiden. Der Boden darf weder \u00fcberschwemmt noch feucht belassen werden.<\/p>\n<p data-start=\"6285\" data-end=\"6784\">Mehrschichtige B\u00f6den k\u00f6nnen mehrfach renoviert werden \u2013 durch Abschleifen und erneutes Lackieren oder \u00d6len. Die Anzahl m\u00f6glicher Renovierungen h\u00e4ngt von der St\u00e4rke der Nutzschicht und dem Abnutzungsgrad ab. Die Einhaltung der oben genannten Hinweise verl\u00e4ngert die Lebensdauer von Revesen-Holzb\u00f6den und reduziert das Risiko nat\u00fcrlicher Holzbewegung. Da der Verk\u00e4ufer keinen Einfluss auf das Raumklima w\u00e4hrend der Nutzung hat, kann die nat\u00fcrliche Holzbewegung nicht Gegenstand von Reklamationen sein.<\/p>\n<hr data-start=\"6786\" data-end=\"6789\">\n<\/div><\/div><\/div><div class=\"fusion-layout-column fusion_builder_column fusion-builder-column-1 fusion_builder_column_1_5 1_5 fusion-flex-column\" style=\"--awb-bg-size:cover;--awb-width-large:20%;--awb-margin-top-large:0px;--awb-spacing-right-large:9.6%;--awb-margin-bottom-large:20px;--awb-spacing-left-large:9.6%;--awb-width-medium:20%;--awb-order-medium:0;--awb-spacing-right-medium:9.6%;--awb-spacing-left-medium:9.6%;--awb-width-small:100%;--awb-order-small:0;--awb-spacing-right-small:1.92%;--awb-spacing-left-small:1.92%;\"><div class=\"fusion-column-wrapper fusion-column-has-shadow fusion-flex-justify-content-flex-start fusion-content-layout-column\"><div class=\"fusion-text fusion-text-2\"><h3 style=\"text-align: center;\"><strong data-start=\"92\" data-end=\"154\" data-is-last-node=\"\">Autorisierter H\u00e4ndler f\u00fcr Pflegeprodukte f\u00fcr REVESEN-B\u00f6den<\/strong><\/h3>\n<p><a href=\"https:\/\/filexo.pl\/\"><img decoding=\"async\" class=\"lazyload alignnone size-full wp-image-3757\" src=\"https:\/\/revesen.de\/wp-content\/uploads\/2023\/02\/logo-z-gradientem.png\" data-orig-src=\"https:\/\/revesen.de\/wp-content\/uploads\/2023\/02\/logo-z-gradientem.png\" alt=\"\" width=\"1677\" height=\"421\" srcset=\"data:image\/svg+xml,%3Csvg%20xmlns%3D%27http%3A%2F%2Fwww.w3.org%2F2000%2Fsvg%27%20width%3D%271677%27%20height%3D%27421%27%20viewBox%3D%270%200%201677%20421%27%3E%3Crect%20width%3D%271677%27%20height%3D%27421%27%20fill-opacity%3D%220%22%2F%3E%3C%2Fsvg%3E\" data-srcset=\"https:\/\/revesen.de\/wp-content\/uploads\/2023\/02\/logo-z-gradientem-200x50.png 200w, https:\/\/revesen.de\/wp-content\/uploads\/2023\/02\/logo-z-gradientem-300x75.png 300w, https:\/\/revesen.de\/wp-content\/uploads\/2023\/02\/logo-z-gradientem-400x100.png 400w, https:\/\/revesen.de\/wp-content\/uploads\/2023\/02\/logo-z-gradientem-500x126.png 500w, https:\/\/revesen.de\/wp-content\/uploads\/2023\/02\/logo-z-gradientem-600x151.png 600w, https:\/\/revesen.de\/wp-content\/uploads\/2023\/02\/logo-z-gradientem-700x176.png 700w, https:\/\/revesen.de\/wp-content\/uploads\/2023\/02\/logo-z-gradientem-768x193.png 768w, https:\/\/revesen.de\/wp-content\/uploads\/2023\/02\/logo-z-gradientem-800x201.png 800w, https:\/\/revesen.de\/wp-content\/uploads\/2023\/02\/logo-z-gradientem-1024x257.png 1024w, https:\/\/revesen.de\/wp-content\/uploads\/2023\/02\/logo-z-gradientem-1200x301.png 1200w, https:\/\/revesen.de\/wp-content\/uploads\/2023\/02\/logo-z-gradientem-1536x386.png 1536w, https:\/\/revesen.de\/wp-content\/uploads\/2023\/02\/logo-z-gradientem.png 1677w\" data-sizes=\"auto\" data-orig-sizes=\"(max-width: 1677px) 100vw, 1677px\" \/><\/a><\/p>\n<\/div><\/div><\/div><\/div><\/div>\n","protected":false},"excerpt":{"rendered":"","protected":false},"author":1,"featured_media":0,"parent":0,"menu_order":0,"comment_status":"closed","ping_status":"closed","template":"","meta":{"footnotes":""},"class_list":["post-2956","page","type-page","status-publish","hentry"],"yoast_head":"<!-- This site is optimized with the Yoast SEO plugin v27.2 - https:\/\/yoast.com\/product\/yoast-seo-wordpress\/ -->\n<title>Wartung und Garantie - Revesen - producent pod\u0142\u00f3g drewnianych<\/title>\n<meta name=\"robots\" content=\"index, follow, max-snippet:-1, max-image-preview:large, max-video-preview:-1\" \/>\n<link rel=\"canonical\" href=\"https:\/\/revesen.de\/index.php\/wartung-und-garantie\/\" \/>\n<meta property=\"og:locale\" content=\"pl_PL\" \/>\n<meta property=\"og:type\" content=\"article\" \/>\n<meta property=\"og:title\" content=\"Wartung und Garantie - Revesen - producent pod\u0142\u00f3g drewnianych\" \/>\n<meta property=\"og:url\" content=\"https:\/\/revesen.de\/index.php\/wartung-und-garantie\/\" \/>\n<meta property=\"og:site_name\" content=\"Revesen - producent pod\u0142\u00f3g drewnianych\" \/>\n<meta property=\"article:modified_time\" content=\"2025-06-02T19:36:40+00:00\" \/>\n<meta property=\"og:image\" content=\"https:\/\/revesen.de\/wp-content\/uploads\/2023\/02\/logo-z-gradientem.png\" \/>\n<meta name=\"twitter:card\" content=\"summary_large_image\" \/>\n<meta name=\"twitter:label1\" content=\"Szacowany czas czytania\" \/>\n\t<meta name=\"twitter:data1\" content=\"6 minut\" \/>\n<script type=\"application\/ld+json\" class=\"yoast-schema-graph\">{\"@context\":\"https:\/\/schema.org\",\"@graph\":[{\"@type\":\"WebPage\",\"@id\":\"https:\/\/revesen.de\/index.php\/wartung-und-garantie\/\",\"url\":\"https:\/\/revesen.de\/index.php\/wartung-und-garantie\/\",\"name\":\"Wartung und Garantie - Revesen - producent pod\u0142\u00f3g drewnianych\",\"isPartOf\":{\"@id\":\"https:\/\/revesen.de\/#website\"},\"primaryImageOfPage\":{\"@id\":\"https:\/\/revesen.de\/index.php\/wartung-und-garantie\/#primaryimage\"},\"image\":{\"@id\":\"https:\/\/revesen.de\/index.php\/wartung-und-garantie\/#primaryimage\"},\"thumbnailUrl\":\"https:\/\/revesen.de\/wp-content\/uploads\/2023\/02\/logo-z-gradientem.png\",\"datePublished\":\"2022-01-26T21:44:34+00:00\",\"dateModified\":\"2025-06-02T19:36:40+00:00\",\"breadcrumb\":{\"@id\":\"https:\/\/revesen.de\/index.php\/wartung-und-garantie\/#breadcrumb\"},\"inLanguage\":\"pl-PL\",\"potentialAction\":[{\"@type\":\"ReadAction\",\"target\":[\"https:\/\/revesen.de\/index.php\/wartung-und-garantie\/\"]}]},{\"@type\":\"ImageObject\",\"inLanguage\":\"pl-PL\",\"@id\":\"https:\/\/revesen.de\/index.php\/wartung-und-garantie\/#primaryimage\",\"url\":\"https:\/\/revesen.de\/wp-content\/uploads\/2023\/02\/logo-z-gradientem.png\",\"contentUrl\":\"https:\/\/revesen.de\/wp-content\/uploads\/2023\/02\/logo-z-gradientem.png\",\"width\":1677,\"height\":421},{\"@type\":\"BreadcrumbList\",\"@id\":\"https:\/\/revesen.de\/index.php\/wartung-und-garantie\/#breadcrumb\",\"itemListElement\":[{\"@type\":\"ListItem\",\"position\":1,\"name\":\"Strona g\u0142\u00f3wna\",\"item\":\"https:\/\/revesen.de\/\"},{\"@type\":\"ListItem\",\"position\":2,\"name\":\"Wartung und Garantie\"}]},{\"@type\":\"WebSite\",\"@id\":\"https:\/\/revesen.de\/#website\",\"url\":\"https:\/\/revesen.de\/\",\"name\":\"Revesen - producent pod\u0142\u00f3g drewnianych - Nowy S\u0105cz, Gorlice\",\"description\":\"Producent wysokiej jako\u015bci pod\u0142\u00f3g drewnianych z najwy\u017cszej jako\u015bci drewna\",\"publisher\":{\"@id\":\"https:\/\/revesen.de\/#\/schema\/person\/0239b11af0fef7a3fce8892a684f3003\"},\"potentialAction\":[{\"@type\":\"SearchAction\",\"target\":{\"@type\":\"EntryPoint\",\"urlTemplate\":\"https:\/\/revesen.de\/?s={search_term_string}\"},\"query-input\":{\"@type\":\"PropertyValueSpecification\",\"valueRequired\":true,\"valueName\":\"search_term_string\"}}],\"inLanguage\":\"pl-PL\"},{\"@type\":[\"Person\",\"Organization\"],\"@id\":\"https:\/\/revesen.de\/#\/schema\/person\/0239b11af0fef7a3fce8892a684f3003\",\"name\":\"admin\",\"image\":{\"@type\":\"ImageObject\",\"inLanguage\":\"pl-PL\",\"@id\":\"https:\/\/revesen.de\/wp-content\/uploads\/2022\/02\/logo-ciemne.jpg\",\"url\":\"https:\/\/revesen.de\/wp-content\/uploads\/2022\/02\/logo-ciemne.jpg\",\"contentUrl\":\"https:\/\/revesen.de\/wp-content\/uploads\/2022\/02\/logo-ciemne.jpg\",\"width\":233,\"height\":180,\"caption\":\"admin\"},\"logo\":{\"@id\":\"https:\/\/revesen.de\/wp-content\/uploads\/2022\/02\/logo-ciemne.jpg\"},\"sameAs\":[\"http:\/\/revesen.de\"]}]}<\/script>\n<!-- \/ Yoast SEO plugin. -->","yoast_head_json":{"title":"Wartung und Garantie - Revesen - producent pod\u0142\u00f3g drewnianych","robots":{"index":"index","follow":"follow","max-snippet":"max-snippet:-1","max-image-preview":"max-image-preview:large","max-video-preview":"max-video-preview:-1"},"canonical":"https:\/\/revesen.de\/index.php\/wartung-und-garantie\/","og_locale":"pl_PL","og_type":"article","og_title":"Wartung und Garantie - Revesen - producent pod\u0142\u00f3g drewnianych","og_url":"https:\/\/revesen.de\/index.php\/wartung-und-garantie\/","og_site_name":"Revesen - producent pod\u0142\u00f3g drewnianych","article_modified_time":"2025-06-02T19:36:40+00:00","og_image":[{"url":"https:\/\/revesen.de\/wp-content\/uploads\/2023\/02\/logo-z-gradientem.png","type":"","width":"","height":""}],"twitter_card":"summary_large_image","twitter_misc":{"Szacowany czas czytania":"6 minut"},"schema":{"@context":"https:\/\/schema.org","@graph":[{"@type":"WebPage","@id":"https:\/\/revesen.de\/index.php\/wartung-und-garantie\/","url":"https:\/\/revesen.de\/index.php\/wartung-und-garantie\/","name":"Wartung und Garantie - Revesen - producent pod\u0142\u00f3g drewnianych","isPartOf":{"@id":"https:\/\/revesen.de\/#website"},"primaryImageOfPage":{"@id":"https:\/\/revesen.de\/index.php\/wartung-und-garantie\/#primaryimage"},"image":{"@id":"https:\/\/revesen.de\/index.php\/wartung-und-garantie\/#primaryimage"},"thumbnailUrl":"https:\/\/revesen.de\/wp-content\/uploads\/2023\/02\/logo-z-gradientem.png","datePublished":"2022-01-26T21:44:34+00:00","dateModified":"2025-06-02T19:36:40+00:00","breadcrumb":{"@id":"https:\/\/revesen.de\/index.php\/wartung-und-garantie\/#breadcrumb"},"inLanguage":"pl-PL","potentialAction":[{"@type":"ReadAction","target":["https:\/\/revesen.de\/index.php\/wartung-und-garantie\/"]}]},{"@type":"ImageObject","inLanguage":"pl-PL","@id":"https:\/\/revesen.de\/index.php\/wartung-und-garantie\/#primaryimage","url":"https:\/\/revesen.de\/wp-content\/uploads\/2023\/02\/logo-z-gradientem.png","contentUrl":"https:\/\/revesen.de\/wp-content\/uploads\/2023\/02\/logo-z-gradientem.png","width":1677,"height":421},{"@type":"BreadcrumbList","@id":"https:\/\/revesen.de\/index.php\/wartung-und-garantie\/#breadcrumb","itemListElement":[{"@type":"ListItem","position":1,"name":"Strona g\u0142\u00f3wna","item":"https:\/\/revesen.de\/"},{"@type":"ListItem","position":2,"name":"Wartung und Garantie"}]},{"@type":"WebSite","@id":"https:\/\/revesen.de\/#website","url":"https:\/\/revesen.de\/","name":"Revesen - producent pod\u0142\u00f3g drewnianych - Nowy S\u0105cz, Gorlice","description":"Producent wysokiej jako\u015bci pod\u0142\u00f3g drewnianych z najwy\u017cszej jako\u015bci drewna","publisher":{"@id":"https:\/\/revesen.de\/#\/schema\/person\/0239b11af0fef7a3fce8892a684f3003"},"potentialAction":[{"@type":"SearchAction","target":{"@type":"EntryPoint","urlTemplate":"https:\/\/revesen.de\/?s={search_term_string}"},"query-input":{"@type":"PropertyValueSpecification","valueRequired":true,"valueName":"search_term_string"}}],"inLanguage":"pl-PL"},{"@type":["Person","Organization"],"@id":"https:\/\/revesen.de\/#\/schema\/person\/0239b11af0fef7a3fce8892a684f3003","name":"admin","image":{"@type":"ImageObject","inLanguage":"pl-PL","@id":"https:\/\/revesen.de\/wp-content\/uploads\/2022\/02\/logo-ciemne.jpg","url":"https:\/\/revesen.de\/wp-content\/uploads\/2022\/02\/logo-ciemne.jpg","contentUrl":"https:\/\/revesen.de\/wp-content\/uploads\/2022\/02\/logo-ciemne.jpg","width":233,"height":180,"caption":"admin"},"logo":{"@id":"https:\/\/revesen.de\/wp-content\/uploads\/2022\/02\/logo-ciemne.jpg"},"sameAs":["http:\/\/revesen.de"]}]}},"_links":{"self":[{"href":"https:\/\/revesen.de\/index.php\/wp-json\/wp\/v2\/pages\/2956","targetHints":{"allow":["GET"]}}],"collection":[{"href":"https:\/\/revesen.de\/index.php\/wp-json\/wp\/v2\/pages"}],"about":[{"href":"https:\/\/revesen.de\/index.php\/wp-json\/wp\/v2\/types\/page"}],"author":[{"embeddable":true,"href":"https:\/\/revesen.de\/index.php\/wp-json\/wp\/v2\/users\/1"}],"replies":[{"embeddable":true,"href":"https:\/\/revesen.de\/index.php\/wp-json\/wp\/v2\/comments?post=2956"}],"version-history":[{"count":16,"href":"https:\/\/revesen.de\/index.php\/wp-json\/wp\/v2\/pages\/2956\/revisions"}],"predecessor-version":[{"id":6087,"href":"https:\/\/revesen.de\/index.php\/wp-json\/wp\/v2\/pages\/2956\/revisions\/6087"}],"wp:attachment":[{"href":"https:\/\/revesen.de\/index.php\/wp-json\/wp\/v2\/media?parent=2956"}],"curies":[{"name":"wp","href":"https:\/\/api.w.org\/{rel}","templated":true}]}}