{"id":4834,"date":"2024-01-22T08:30:50","date_gmt":"2024-01-22T08:30:50","guid":{"rendered":"http:\/\/revesen.de\/?page_id=4834"},"modified":"2024-10-01T15:00:30","modified_gmt":"2024-10-01T15:00:30","slug":"galeria-jodelka-francuska","status":"publish","type":"page","link":"https:\/\/revesen.de\/index.php\/galeria-jodelka-francuska\/","title":{"rendered":"Galeria jode\u0142ka francuska"},"content":{"rendered":"<div class=\"fusion-fullwidth fullwidth-box fusion-builder-row-1 fusion-flex-container has-pattern-background has-mask-background nonhundred-percent-fullwidth non-hundred-percent-height-scrolling\" style=\"--awb-border-radius-top-left:0px;--awb-border-radius-top-right:0px;--awb-border-radius-bottom-right:0px;--awb-border-radius-bottom-left:0px;--awb-flex-wrap:wrap;\" ><div class=\"fusion-builder-row fusion-row fusion-flex-align-items-flex-start fusion-flex-content-wrap\" style=\"max-width:1424.8px;margin-left: calc(-4% \/ 2 );margin-right: calc(-4% \/ 2 );\"><div class=\"fusion-layout-column fusion_builder_column fusion-builder-column-0 fusion_builder_column_1_1 1_1 fusion-flex-column\" style=\"--awb-bg-size:cover;--awb-width-large:100%;--awb-margin-top-large:0px;--awb-spacing-right-large:1.92%;--awb-margin-bottom-large:20px;--awb-spacing-left-large:1.92%;--awb-width-medium:100%;--awb-order-medium:0;--awb-spacing-right-medium:1.92%;--awb-spacing-left-medium:1.92%;--awb-width-small:100%;--awb-order-small:0;--awb-spacing-right-small:1.92%;--awb-spacing-left-small:1.92%;\"><div class=\"fusion-column-wrapper fusion-column-has-shadow fusion-flex-justify-content-flex-start fusion-content-layout-column\"><div class=\"awb-gallery-wrapper awb-gallery-wrapper-1 button-span-no\" style=\"--more-btn-alignment:center;\"><div style=\"margin:-5px;--awb-bordersize:0px;--awb-caption-overlay-color:var(--awb-color6);\" class=\"fusion-gallery fusion-gallery-container fusion-grid-4 fusion-columns-total-8 fusion-gallery-layout-grid fusion-gallery-1\"><div style=\"padding:5px;\" class=\"fusion-grid-column fusion-gallery-column fusion-gallery-column-4\"><div class=\"fusion-gallery-image awb-imageframe-style awb-imageframe-style-navin\"><a href=\"http:\/\/revesen.de\/index.php\/2024\/01\/22\/carbon-jodelka\/\" rel=\"noreferrer\" data-rel=\"iLightbox[gallery_image_1]\" class=\"fusion-lightbox\" target=\"_self\"><img decoding=\"async\" src=\"https:\/\/revesen.de\/wp-content\/uploads\/2024\/01\/Carbon-8-320x202.jpg\" width=\"320\" height=\"202\" alt=\"\" title=\"Carbon&#8217; (8)\" aria-label=\"Carbon&#8217; (8)\" class=\"img-responsive wp-image-4856 fusion-gallery-image-size-fixed\" srcset=\"https:\/\/revesen.de\/wp-content\/uploads\/2024\/01\/Carbon-8-320x202.jpg 320w, https:\/\/revesen.de\/wp-content\/uploads\/2024\/01\/Carbon-8-700x441.jpg 700w\" sizes=\"(max-width: 320px) 100vw, 320px\" \/><div class=\"awb-imageframe-caption-container\"><div class=\"awb-imageframe-caption\"><h2 class=\"awb-imageframe-caption-title\">Carbon - Natur<\/h2><\/div><\/div><\/a><\/div><\/div><div style=\"padding:5px;\" class=\"fusion-grid-column fusion-gallery-column fusion-gallery-column-4\"><div class=\"fusion-gallery-image awb-imageframe-style awb-imageframe-style-navin\"><a href=\"http:\/\/revesen.de\/index.php\/2024\/01\/22\/cruz-jodelka\/\" rel=\"noreferrer\" data-rel=\"iLightbox[gallery_image_1]\" class=\"fusion-lightbox\" target=\"_self\"><img decoding=\"async\" src=\"https:\/\/revesen.de\/wp-content\/uploads\/2024\/01\/Cruz-jodelka-3-320x202.jpg\" width=\"320\" height=\"202\" alt=\"\" title=\"Cruz jode\u0142ka (3)\" aria-label=\"Cruz jode\u0142ka (3)\" class=\"img-responsive wp-image-4910 fusion-gallery-image-size-fixed\" srcset=\"https:\/\/revesen.de\/wp-content\/uploads\/2024\/01\/Cruz-jodelka-3-320x202.jpg 320w, https:\/\/revesen.de\/wp-content\/uploads\/2024\/01\/Cruz-jodelka-3-700x441.jpg 700w\" sizes=\"(max-width: 320px) 100vw, 320px\" \/><div class=\"awb-imageframe-caption-container\"><div class=\"awb-imageframe-caption\"><h2 class=\"awb-imageframe-caption-title\">Cruz - Natur <\/h2><\/div><\/div><\/a><\/div><\/div><div style=\"padding:5px;\" class=\"fusion-grid-column fusion-gallery-column fusion-gallery-column-4\"><div class=\"fusion-gallery-image awb-imageframe-style awb-imageframe-style-navin\"><a href=\"http:\/\/revesen.de\/index.php\/2024\/01\/22\/dark-grey-jodelka\/\" rel=\"noreferrer\" data-rel=\"iLightbox[gallery_image_1]\" class=\"fusion-lightbox\" target=\"_self\"><img decoding=\"async\" src=\"https:\/\/revesen.de\/wp-content\/uploads\/2024\/01\/Dark-grey-2-2-320x202.jpg\" width=\"320\" height=\"202\" alt=\"\" title=\"Dark grey,, (2)\" aria-label=\"Dark grey,, (2)\" class=\"img-responsive wp-image-4863 fusion-gallery-image-size-fixed\" srcset=\"https:\/\/revesen.de\/wp-content\/uploads\/2024\/01\/Dark-grey-2-2-320x202.jpg 320w, https:\/\/revesen.de\/wp-content\/uploads\/2024\/01\/Dark-grey-2-2-700x441.jpg 700w\" sizes=\"(max-width: 320px) 100vw, 320px\" \/><div class=\"awb-imageframe-caption-container\"><div class=\"awb-imageframe-caption\"><h2 class=\"awb-imageframe-caption-title\">Dark grey - Natur <\/h2><\/div><\/div><\/a><\/div><\/div><div style=\"padding:5px;\" class=\"fusion-grid-column fusion-gallery-column fusion-gallery-column-4\"><div class=\"fusion-gallery-image awb-imageframe-style awb-imageframe-style-navin\"><a href=\"http:\/\/revesen.de\/index.php\/2024\/10\/01\/lamar-natur-jodelka-fr\/\" rel=\"noreferrer\" data-rel=\"iLightbox[gallery_image_1]\" class=\"fusion-lightbox\" target=\"_self\"><img decoding=\"async\" src=\"https:\/\/revesen.de\/wp-content\/uploads\/2024\/10\/LAMAR-NATUR-4-320x202.jpg\" width=\"320\" height=\"202\" alt=\"\" title=\"LAMAR NATUR (4)\" aria-label=\"LAMAR NATUR (4)\" class=\"img-responsive wp-image-5978 fusion-gallery-image-size-fixed\" srcset=\"https:\/\/revesen.de\/wp-content\/uploads\/2024\/10\/LAMAR-NATUR-4-320x202.jpg 320w, https:\/\/revesen.de\/wp-content\/uploads\/2024\/10\/LAMAR-NATUR-4-700x441.jpg 700w\" sizes=\"(max-width: 320px) 100vw, 320px\" \/><div class=\"awb-imageframe-caption-container\"><div class=\"awb-imageframe-caption\"><h2 class=\"awb-imageframe-caption-title\">LAMAR - NATUR<\/h2><\/div><\/div><\/a><\/div><\/div><div class=\"clearfix\"><\/div><div style=\"padding:5px;\" class=\"fusion-grid-column fusion-gallery-column fusion-gallery-column-4\"><div class=\"fusion-gallery-image awb-imageframe-style awb-imageframe-style-navin\"><a href=\"http:\/\/revesen.de\/index.php\/2024\/01\/22\/aurito-jodelka\/\" rel=\"noreferrer\" data-rel=\"iLightbox[gallery_image_1]\" class=\"fusion-lightbox\" target=\"_self\"><img decoding=\"async\" src=\"https:\/\/revesen.de\/wp-content\/uploads\/2024\/01\/Aurito-3-320x202.jpg\" width=\"320\" height=\"202\" alt=\"\" title=\"Aurito&#8217; (3)\" aria-label=\"Aurito&#8217; (3)\" class=\"img-responsive wp-image-4825 fusion-gallery-image-size-fixed\" srcset=\"https:\/\/revesen.de\/wp-content\/uploads\/2024\/01\/Aurito-3-320x202.jpg 320w, https:\/\/revesen.de\/wp-content\/uploads\/2024\/01\/Aurito-3-700x441.jpg 700w\" sizes=\"(max-width: 320px) 100vw, 320px\" \/><div class=\"awb-imageframe-caption-container\"><div class=\"awb-imageframe-caption\"><h2 class=\"awb-imageframe-caption-title\">Sentino - Rustikal<\/h2><\/div><\/div><\/a><\/div><\/div><div style=\"padding:5px;\" class=\"fusion-grid-column fusion-gallery-column fusion-gallery-column-4\"><div class=\"fusion-gallery-image awb-imageframe-style awb-imageframe-style-navin\"><a href=\"http:\/\/revesen.de\/index.php\/2024\/01\/22\/serit-mat-jodelka\/\" rel=\"noreferrer\" data-rel=\"iLightbox[gallery_image_1]\" class=\"fusion-lightbox\" target=\"_self\"><img decoding=\"async\" src=\"https:\/\/revesen.de\/wp-content\/uploads\/2024\/01\/Serit-mat-jodelka-8-320x202.jpg\" width=\"320\" height=\"202\" alt=\"\" title=\"Serit mat jode\u0142ka (8)\" aria-label=\"Serit mat jode\u0142ka (8)\" class=\"img-responsive wp-image-4892 fusion-gallery-image-size-fixed\" srcset=\"https:\/\/revesen.de\/wp-content\/uploads\/2024\/01\/Serit-mat-jodelka-8-320x202.jpg 320w, https:\/\/revesen.de\/wp-content\/uploads\/2024\/01\/Serit-mat-jodelka-8-700x441.jpg 700w\" sizes=\"(max-width: 320px) 100vw, 320px\" \/><div class=\"awb-imageframe-caption-container\"><div class=\"awb-imageframe-caption\"><h2 class=\"awb-imageframe-caption-title\">Serit SATIN - Natur <\/h2><\/div><\/div><\/a><\/div><\/div><div style=\"padding:5px;\" class=\"fusion-grid-column fusion-gallery-column fusion-gallery-column-4\"><div class=\"fusion-gallery-image awb-imageframe-style awb-imageframe-style-navin\"><a href=\"http:\/\/revesen.de\/index.php\/2024\/01\/22\/serit-mat-jodla\/\" rel=\"noreferrer\" data-rel=\"iLightbox[gallery_image_1]\" class=\"fusion-lightbox\" target=\"_self\"><img decoding=\"async\" src=\"https:\/\/revesen.de\/wp-content\/uploads\/2024\/01\/Serit-mat-jodla-6-320x202.jpg\" width=\"320\" height=\"202\" alt=\"\" title=\"Serit mat jod\u0142a (6)\" aria-label=\"Serit mat jod\u0142a (6)\" class=\"img-responsive wp-image-4902 fusion-gallery-image-size-fixed\" srcset=\"https:\/\/revesen.de\/wp-content\/uploads\/2024\/01\/Serit-mat-jodla-6-320x202.jpg 320w, https:\/\/revesen.de\/wp-content\/uploads\/2024\/01\/Serit-mat-jodla-6-700x441.jpg 700w\" sizes=\"(max-width: 320px) 100vw, 320px\" \/><div class=\"awb-imageframe-caption-container\"><div class=\"awb-imageframe-caption\"><h2 class=\"awb-imageframe-caption-title\">Serit mat - natur <\/h2><\/div><\/div><\/a><\/div><\/div><div style=\"padding:5px;\" class=\"fusion-grid-column fusion-gallery-column fusion-gallery-column-4\"><div class=\"fusion-gallery-image awb-imageframe-style awb-imageframe-style-navin\"><a href=\"http:\/\/revesen.de\/index.php\/2024\/06\/21\/sirena-natur\/\" rel=\"noreferrer\" data-rel=\"iLightbox[gallery_image_1]\" class=\"fusion-lightbox\" target=\"_self\"><img decoding=\"async\" src=\"https:\/\/revesen.de\/wp-content\/uploads\/2024\/06\/SIRENA-1-320x202.jpg\" width=\"320\" height=\"202\" alt=\"\" title=\"SIRENA 1\" aria-label=\"SIRENA 1\" class=\"img-responsive wp-image-5495 fusion-gallery-image-size-fixed\" srcset=\"https:\/\/revesen.de\/wp-content\/uploads\/2024\/06\/SIRENA-1-320x202.jpg 320w, https:\/\/revesen.de\/wp-content\/uploads\/2024\/06\/SIRENA-1-700x441.jpg 700w\" sizes=\"(max-width: 320px) 100vw, 320px\" \/><div class=\"awb-imageframe-caption-container\"><div class=\"awb-imageframe-caption\"><h2 class=\"awb-imageframe-caption-title\">Sirena - Natur<\/h2><\/div><\/div><\/a><\/div><\/div><div class=\"clearfix\"><\/div><\/div><\/div><\/div><\/div><\/div><\/div>\n","protected":false},"excerpt":{"rendered":"","protected":false},"author":2,"featured_media":0,"parent":0,"menu_order":0,"comment_status":"closed","ping_status":"closed","template":"","meta":{"footnotes":""},"class_list":["post-4834","page","type-page","status-publish","hentry"],"yoast_head":"<!-- This site is optimized with the Yoast SEO plugin v27.2 - https:\/\/yoast.com\/product\/yoast-seo-wordpress\/ -->\n<title>Galeria jode\u0142ka francuska - Revesen - producent pod\u0142\u00f3g drewnianych<\/title>\n<meta name=\"robots\" content=\"index, follow, max-snippet:-1, max-image-preview:large, max-video-preview:-1\" \/>\n<link rel=\"canonical\" href=\"https:\/\/revesen.de\/index.php\/galeria-jodelka-francuska\/\" \/>\n<meta property=\"og:locale\" content=\"pl_PL\" \/>\n<meta property=\"og:type\" content=\"article\" \/>\n<meta property=\"og:title\" content=\"Galeria jode\u0142ka francuska - Revesen - producent pod\u0142\u00f3g drewnianych\" \/>\n<meta property=\"og:url\" content=\"https:\/\/revesen.de\/index.php\/galeria-jodelka-francuska\/\" \/>\n<meta property=\"og:site_name\" content=\"Revesen - producent pod\u0142\u00f3g drewnianych\" \/>\n<meta property=\"article:modified_time\" content=\"2024-10-01T15:00:30+00:00\" \/>\n<meta name=\"twitter:card\" content=\"summary_large_image\" \/>\n<meta name=\"twitter:label1\" content=\"Szacowany czas czytania\" \/>\n\t<meta name=\"twitter:data1\" content=\"4 minuty\" \/>\n<script type=\"application\/ld+json\" class=\"yoast-schema-graph\">{\"@context\":\"https:\/\/schema.org\",\"@graph\":[{\"@type\":\"WebPage\",\"@id\":\"https:\/\/revesen.de\/index.php\/galeria-jodelka-francuska\/\",\"url\":\"https:\/\/revesen.de\/index.php\/galeria-jodelka-francuska\/\",\"name\":\"Galeria jode\u0142ka francuska - Revesen - producent pod\u0142\u00f3g drewnianych\",\"isPartOf\":{\"@id\":\"https:\/\/revesen.de\/#website\"},\"datePublished\":\"2024-01-22T08:30:50+00:00\",\"dateModified\":\"2024-10-01T15:00:30+00:00\",\"breadcrumb\":{\"@id\":\"https:\/\/revesen.de\/index.php\/galeria-jodelka-francuska\/#breadcrumb\"},\"inLanguage\":\"pl-PL\",\"potentialAction\":[{\"@type\":\"ReadAction\",\"target\":[\"https:\/\/revesen.de\/index.php\/galeria-jodelka-francuska\/\"]}]},{\"@type\":\"BreadcrumbList\",\"@id\":\"https:\/\/revesen.de\/index.php\/galeria-jodelka-francuska\/#breadcrumb\",\"itemListElement\":[{\"@type\":\"ListItem\",\"position\":1,\"name\":\"Strona g\u0142\u00f3wna\",\"item\":\"https:\/\/revesen.de\/\"},{\"@type\":\"ListItem\",\"position\":2,\"name\":\"Galeria jode\u0142ka francuska\"}]},{\"@type\":\"WebSite\",\"@id\":\"https:\/\/revesen.de\/#website\",\"url\":\"https:\/\/revesen.de\/\",\"name\":\"Revesen - producent pod\u0142\u00f3g drewnianych - Nowy S\u0105cz, Gorlice\",\"description\":\"Producent wysokiej jako\u015bci pod\u0142\u00f3g drewnianych z najwy\u017cszej jako\u015bci drewna\",\"publisher\":{\"@id\":\"https:\/\/revesen.de\/#\/schema\/person\/0239b11af0fef7a3fce8892a684f3003\"},\"potentialAction\":[{\"@type\":\"SearchAction\",\"target\":{\"@type\":\"EntryPoint\",\"urlTemplate\":\"https:\/\/revesen.de\/?s={search_term_string}\"},\"query-input\":{\"@type\":\"PropertyValueSpecification\",\"valueRequired\":true,\"valueName\":\"search_term_string\"}}],\"inLanguage\":\"pl-PL\"},{\"@type\":[\"Person\",\"Organization\"],\"@id\":\"https:\/\/revesen.de\/#\/schema\/person\/0239b11af0fef7a3fce8892a684f3003\",\"name\":\"admin\",\"image\":{\"@type\":\"ImageObject\",\"inLanguage\":\"pl-PL\",\"@id\":\"https:\/\/revesen.de\/wp-content\/uploads\/2022\/02\/logo-ciemne.jpg\",\"url\":\"https:\/\/revesen.de\/wp-content\/uploads\/2022\/02\/logo-ciemne.jpg\",\"contentUrl\":\"https:\/\/revesen.de\/wp-content\/uploads\/2022\/02\/logo-ciemne.jpg\",\"width\":233,\"height\":180,\"caption\":\"admin\"},\"logo\":{\"@id\":\"https:\/\/revesen.de\/wp-content\/uploads\/2022\/02\/logo-ciemne.jpg\"},\"sameAs\":[\"http:\/\/revesen.de\"]}]}<\/script>\n<!-- \/ Yoast SEO plugin. -->","yoast_head_json":{"title":"Galeria jode\u0142ka francuska - Revesen - producent pod\u0142\u00f3g drewnianych","robots":{"index":"index","follow":"follow","max-snippet":"max-snippet:-1","max-image-preview":"max-image-preview:large","max-video-preview":"max-video-preview:-1"},"canonical":"https:\/\/revesen.de\/index.php\/galeria-jodelka-francuska\/","og_locale":"pl_PL","og_type":"article","og_title":"Galeria jode\u0142ka francuska - Revesen - producent pod\u0142\u00f3g drewnianych","og_url":"https:\/\/revesen.de\/index.php\/galeria-jodelka-francuska\/","og_site_name":"Revesen - producent pod\u0142\u00f3g drewnianych","article_modified_time":"2024-10-01T15:00:30+00:00","twitter_card":"summary_large_image","twitter_misc":{"Szacowany czas czytania":"4 minuty"},"schema":{"@context":"https:\/\/schema.org","@graph":[{"@type":"WebPage","@id":"https:\/\/revesen.de\/index.php\/galeria-jodelka-francuska\/","url":"https:\/\/revesen.de\/index.php\/galeria-jodelka-francuska\/","name":"Galeria jode\u0142ka francuska - Revesen - producent pod\u0142\u00f3g drewnianych","isPartOf":{"@id":"https:\/\/revesen.de\/#website"},"datePublished":"2024-01-22T08:30:50+00:00","dateModified":"2024-10-01T15:00:30+00:00","breadcrumb":{"@id":"https:\/\/revesen.de\/index.php\/galeria-jodelka-francuska\/#breadcrumb"},"inLanguage":"pl-PL","potentialAction":[{"@type":"ReadAction","target":["https:\/\/revesen.de\/index.php\/galeria-jodelka-francuska\/"]}]},{"@type":"BreadcrumbList","@id":"https:\/\/revesen.de\/index.php\/galeria-jodelka-francuska\/#breadcrumb","itemListElement":[{"@type":"ListItem","position":1,"name":"Strona g\u0142\u00f3wna","item":"https:\/\/revesen.de\/"},{"@type":"ListItem","position":2,"name":"Galeria jode\u0142ka francuska"}]},{"@type":"WebSite","@id":"https:\/\/revesen.de\/#website","url":"https:\/\/revesen.de\/","name":"Revesen - producent pod\u0142\u00f3g drewnianych - Nowy S\u0105cz, Gorlice","description":"Producent wysokiej jako\u015bci pod\u0142\u00f3g drewnianych z najwy\u017cszej jako\u015bci drewna","publisher":{"@id":"https:\/\/revesen.de\/#\/schema\/person\/0239b11af0fef7a3fce8892a684f3003"},"potentialAction":[{"@type":"SearchAction","target":{"@type":"EntryPoint","urlTemplate":"https:\/\/revesen.de\/?s={search_term_string}"},"query-input":{"@type":"PropertyValueSpecification","valueRequired":true,"valueName":"search_term_string"}}],"inLanguage":"pl-PL"},{"@type":["Person","Organization"],"@id":"https:\/\/revesen.de\/#\/schema\/person\/0239b11af0fef7a3fce8892a684f3003","name":"admin","image":{"@type":"ImageObject","inLanguage":"pl-PL","@id":"https:\/\/revesen.de\/wp-content\/uploads\/2022\/02\/logo-ciemne.jpg","url":"https:\/\/revesen.de\/wp-content\/uploads\/2022\/02\/logo-ciemne.jpg","contentUrl":"https:\/\/revesen.de\/wp-content\/uploads\/2022\/02\/logo-ciemne.jpg","width":233,"height":180,"caption":"admin"},"logo":{"@id":"https:\/\/revesen.de\/wp-content\/uploads\/2022\/02\/logo-ciemne.jpg"},"sameAs":["http:\/\/revesen.de"]}]}},"_links":{"self":[{"href":"https:\/\/revesen.de\/index.php\/wp-json\/wp\/v2\/pages\/4834","targetHints":{"allow":["GET"]}}],"collection":[{"href":"https:\/\/revesen.de\/index.php\/wp-json\/wp\/v2\/pages"}],"about":[{"href":"https:\/\/revesen.de\/index.php\/wp-json\/wp\/v2\/types\/page"}],"author":[{"embeddable":true,"href":"https:\/\/revesen.de\/index.php\/wp-json\/wp\/v2\/users\/2"}],"replies":[{"embeddable":true,"href":"https:\/\/revesen.de\/index.php\/wp-json\/wp\/v2\/comments?post=4834"}],"version-history":[{"count":13,"href":"https:\/\/revesen.de\/index.php\/wp-json\/wp\/v2\/pages\/4834\/revisions"}],"predecessor-version":[{"id":5980,"href":"https:\/\/revesen.de\/index.php\/wp-json\/wp\/v2\/pages\/4834\/revisions\/5980"}],"wp:attachment":[{"href":"https:\/\/revesen.de\/index.php\/wp-json\/wp\/v2\/media?parent=4834"}],"curies":[{"name":"wp","href":"https:\/\/api.w.org\/{rel}","templated":true}]}}