{"id":3658,"date":"2022-06-15T12:44:30","date_gmt":"2022-06-15T12:44:30","guid":{"rendered":"http:\/\/revesen.de\/?post_type=product&#038;p=3658"},"modified":"2025-05-26T07:05:11","modified_gmt":"2025-05-26T07:05:11","slug":"fusbodendiele-milo","status":"publish","type":"product","link":"https:\/\/revesen.de\/index.php\/produkt\/fusbodendiele-milo\/","title":{"rendered":"Fu\u00dfbodendiele \u2013 Milo"},"content":{"rendered":"<p>Milo ist eine Farbe, die nicht ignoriert werden kann. Dank seiner wunderbaren Farbe sind die M\u00f6glichkeiten der M\u00f6belauswahl unbegrenzt und die Eindr\u00fccke sind fesselnd. Mit Milo Ihr Traumhaus zu bauen ist pure Freude.<\/p>\n","protected":false},"excerpt":{"rendered":"<p>Milo ist eine Farbe, die nicht ignoriert werden kann. Dank seiner wunderbaren Farbe sind die M\u00f6glichkeiten der M\u00f6belauswahl unbegrenzt und die Eindr\u00fccke sind fesselnd. Mit Milo Ihr Traumhaus zu bauen ist pure Freude.[fusion_button link=\"http:\/\/revesen.de\/index.php\/2022\/06\/15\/milo\/\" title=\"\" target=\"_self\" link_attributes=\"\" alignment_medium=\"\" alignment_small=\"\" alignment=\"\" modal=\"\" hide_on_mobile=\"small-visibility,medium-visibility,large-visibility\" sticky_display=\"normal,sticky\" class=\"\" id=\"\" color=\"default\" button_gradient_top_color=\"\" hue=\"\" saturation=\"\" lightness=\"\" alpha=\"\" button_gradient_bottom_color=\"\" button_gradient_top_color_hover=\"\" button_gradient_bottom_color_hover=\"\" gradient_start_position=\"\" gradient_end_position=\"\" gradient_type=\"\" radial_direction=\"\" linear_angle=\"180\" accent_color=\"\" accent_hover_color=\"\" type=\"\" bevel_color=\"\" bevel_color_hover=\"\" border_top=\"\" border_right=\"\" border_bottom=\"\" border_left=\"\" border_radius_top_left=\"\" border_radius_top_right=\"\" border_radius_bottom_right=\"\" border_radius_bottom_left=\"\" border_color=\"\" border_hover_color=\"\" size=\"xlarge\" padding_top=\"\" padding_right=\"\" padding_bottom=\"\" padding_left=\"\" fusion_font_family_button_font=\"\" fusion_font_variant_button_font=\"\" font_size=\"\" line_height=\"\" letter_spacing=\"\" text_transform=\"\" stretch=\"default\" margin_top=\"\" margin_right=\"\" margin_bottom=\"\" margin_left=\"\" icon=\"\" icon_position=\"left\" icon_divider=\"no\" animation_type=\"\" animation_direction=\"left\" animation_speed=\"0.3\" animation_offset=\"\"]Projekte[\/fusion_button]<\/p>\n","protected":false},"featured_media":3701,"comment_status":"open","ping_status":"closed","template":"","meta":[],"product_brand":[],"product_cat":[59],"product_tag":[],"class_list":{"0":"post-3658","1":"product","2":"type-product","3":"status-publish","4":"has-post-thumbnail","6":"product_cat-home-kollektion","8":"first","9":"instock","10":"shipping-taxable","11":"product-type-simple"},"yoast_head":"<!-- This site is optimized with the Yoast SEO plugin v27.2 - https:\/\/yoast.com\/product\/yoast-seo-wordpress\/ -->\n<title>Fu\u00dfbodendiele \u2013 Milo - Revesen - producent pod\u0142\u00f3g drewnianych<\/title>\n<meta name=\"description\" content=\"Milo ist eine Farbe, die alle Blicke auf sich zieht und unbegrenzte M\u00f6glichkeiten bei der M\u00f6belwahl bietet \u2013 f\u00fcr ein Wohnambiente, das begeistert. Die Fu\u00dfbodendiele von Revesen hilft Ihnen dabei, mit Freude Ihr Traumzuhause zu gestalten.\" \/>\n<meta name=\"robots\" content=\"index, follow, max-snippet:-1, max-image-preview:large, max-video-preview:-1\" \/>\n<link rel=\"canonical\" href=\"https:\/\/revesen.de\/index.php\/produkt\/fusbodendiele-milo\/\" \/>\n<meta property=\"og:locale\" content=\"pl_PL\" \/>\n<meta property=\"og:type\" content=\"article\" \/>\n<meta property=\"og:title\" content=\"Fu\u00dfbodendiele \u2013 Milo - Revesen - producent pod\u0142\u00f3g drewnianych\" \/>\n<meta property=\"og:description\" content=\"Milo ist eine Farbe, die alle Blicke auf sich zieht und unbegrenzte M\u00f6glichkeiten bei der M\u00f6belwahl bietet \u2013 f\u00fcr ein Wohnambiente, das begeistert. Die Fu\u00dfbodendiele von Revesen hilft Ihnen dabei, mit Freude Ihr Traumzuhause zu gestalten.\" \/>\n<meta property=\"og:url\" content=\"https:\/\/revesen.de\/index.php\/produkt\/fusbodendiele-milo\/\" \/>\n<meta property=\"og:site_name\" content=\"Revesen - producent pod\u0142\u00f3g drewnianych\" \/>\n<meta property=\"article:modified_time\" content=\"2025-05-26T07:05:11+00:00\" \/>\n<meta property=\"og:image\" content=\"https:\/\/revesen.de\/wp-content\/uploads\/2022\/06\/Milo4.jpeg\" \/>\n\t<meta property=\"og:image:width\" content=\"913\" \/>\n\t<meta property=\"og:image:height\" content=\"842\" \/>\n\t<meta property=\"og:image:type\" content=\"image\/jpeg\" \/>\n<meta name=\"twitter:card\" content=\"summary_large_image\" \/>\n<meta name=\"twitter:label1\" content=\"Szacowany czas czytania\" \/>\n\t<meta name=\"twitter:data1\" content=\"1 minuta\" \/>\n<script type=\"application\/ld+json\" class=\"yoast-schema-graph\">{\"@context\":\"https:\/\/schema.org\",\"@graph\":[{\"@type\":\"WebPage\",\"@id\":\"https:\/\/revesen.de\/index.php\/produkt\/fusbodendiele-milo\/\",\"url\":\"https:\/\/revesen.de\/index.php\/produkt\/fusbodendiele-milo\/\",\"name\":\"Fu\u00dfbodendiele \u2013 Milo - Revesen - producent pod\u0142\u00f3g drewnianych\",\"isPartOf\":{\"@id\":\"https:\/\/revesen.de\/#website\"},\"primaryImageOfPage\":{\"@id\":\"https:\/\/revesen.de\/index.php\/produkt\/fusbodendiele-milo\/#primaryimage\"},\"image\":{\"@id\":\"https:\/\/revesen.de\/index.php\/produkt\/fusbodendiele-milo\/#primaryimage\"},\"thumbnailUrl\":\"https:\/\/revesen.de\/wp-content\/uploads\/2022\/06\/Milo4.jpeg\",\"datePublished\":\"2022-06-15T12:44:30+00:00\",\"dateModified\":\"2025-05-26T07:05:11+00:00\",\"description\":\"Milo ist eine Farbe, die alle Blicke auf sich zieht und unbegrenzte M\u00f6glichkeiten bei der M\u00f6belwahl bietet \u2013 f\u00fcr ein Wohnambiente, das begeistert. Die Fu\u00dfbodendiele von Revesen hilft Ihnen dabei, mit Freude Ihr Traumzuhause zu gestalten.\",\"breadcrumb\":{\"@id\":\"https:\/\/revesen.de\/index.php\/produkt\/fusbodendiele-milo\/#breadcrumb\"},\"inLanguage\":\"pl-PL\",\"potentialAction\":[{\"@type\":\"ReadAction\",\"target\":[\"https:\/\/revesen.de\/index.php\/produkt\/fusbodendiele-milo\/\"]}]},{\"@type\":\"ImageObject\",\"inLanguage\":\"pl-PL\",\"@id\":\"https:\/\/revesen.de\/index.php\/produkt\/fusbodendiele-milo\/#primaryimage\",\"url\":\"https:\/\/revesen.de\/wp-content\/uploads\/2022\/06\/Milo4.jpeg\",\"contentUrl\":\"https:\/\/revesen.de\/wp-content\/uploads\/2022\/06\/Milo4.jpeg\",\"width\":913,\"height\":842},{\"@type\":\"BreadcrumbList\",\"@id\":\"https:\/\/revesen.de\/index.php\/produkt\/fusbodendiele-milo\/#breadcrumb\",\"itemListElement\":[{\"@type\":\"ListItem\",\"position\":1,\"name\":\"Strona g\u0142\u00f3wna\",\"item\":\"https:\/\/revesen.de\/\"},{\"@type\":\"ListItem\",\"position\":2,\"name\":\"Shop\",\"item\":\"https:\/\/revesen.de\/index.php\/shop\/\"},{\"@type\":\"ListItem\",\"position\":3,\"name\":\"Fu\u00dfbodendiele \u2013 Milo\"}]},{\"@type\":\"WebSite\",\"@id\":\"https:\/\/revesen.de\/#website\",\"url\":\"https:\/\/revesen.de\/\",\"name\":\"Revesen - producent pod\u0142\u00f3g drewnianych - Nowy S\u0105cz, Gorlice\",\"description\":\"Producent wysokiej jako\u015bci pod\u0142\u00f3g drewnianych z najwy\u017cszej jako\u015bci drewna\",\"publisher\":{\"@id\":\"https:\/\/revesen.de\/#\/schema\/person\/0239b11af0fef7a3fce8892a684f3003\"},\"potentialAction\":[{\"@type\":\"SearchAction\",\"target\":{\"@type\":\"EntryPoint\",\"urlTemplate\":\"https:\/\/revesen.de\/?s={search_term_string}\"},\"query-input\":{\"@type\":\"PropertyValueSpecification\",\"valueRequired\":true,\"valueName\":\"search_term_string\"}}],\"inLanguage\":\"pl-PL\"},{\"@type\":[\"Person\",\"Organization\"],\"@id\":\"https:\/\/revesen.de\/#\/schema\/person\/0239b11af0fef7a3fce8892a684f3003\",\"name\":\"admin\",\"image\":{\"@type\":\"ImageObject\",\"inLanguage\":\"pl-PL\",\"@id\":\"https:\/\/revesen.de\/wp-content\/uploads\/2022\/02\/logo-ciemne.jpg\",\"url\":\"https:\/\/revesen.de\/wp-content\/uploads\/2022\/02\/logo-ciemne.jpg\",\"contentUrl\":\"https:\/\/revesen.de\/wp-content\/uploads\/2022\/02\/logo-ciemne.jpg\",\"width\":233,\"height\":180,\"caption\":\"admin\"},\"logo\":{\"@id\":\"https:\/\/revesen.de\/wp-content\/uploads\/2022\/02\/logo-ciemne.jpg\"},\"sameAs\":[\"http:\/\/revesen.de\"]}]}<\/script>\n<!-- \/ Yoast SEO plugin. -->","yoast_head_json":{"title":"Fu\u00dfbodendiele \u2013 Milo - Revesen - producent pod\u0142\u00f3g drewnianych","description":"Milo ist eine Farbe, die alle Blicke auf sich zieht und unbegrenzte M\u00f6glichkeiten bei der M\u00f6belwahl bietet \u2013 f\u00fcr ein Wohnambiente, das begeistert. Die Fu\u00dfbodendiele von Revesen hilft Ihnen dabei, mit Freude Ihr Traumzuhause zu gestalten.","robots":{"index":"index","follow":"follow","max-snippet":"max-snippet:-1","max-image-preview":"max-image-preview:large","max-video-preview":"max-video-preview:-1"},"canonical":"https:\/\/revesen.de\/index.php\/produkt\/fusbodendiele-milo\/","og_locale":"pl_PL","og_type":"article","og_title":"Fu\u00dfbodendiele \u2013 Milo - Revesen - producent pod\u0142\u00f3g drewnianych","og_description":"Milo ist eine Farbe, die alle Blicke auf sich zieht und unbegrenzte M\u00f6glichkeiten bei der M\u00f6belwahl bietet \u2013 f\u00fcr ein Wohnambiente, das begeistert. Die Fu\u00dfbodendiele von Revesen hilft Ihnen dabei, mit Freude Ihr Traumzuhause zu gestalten.","og_url":"https:\/\/revesen.de\/index.php\/produkt\/fusbodendiele-milo\/","og_site_name":"Revesen - producent pod\u0142\u00f3g drewnianych","article_modified_time":"2025-05-26T07:05:11+00:00","og_image":[{"width":913,"height":842,"url":"https:\/\/revesen.de\/wp-content\/uploads\/2022\/06\/Milo4.jpeg","type":"image\/jpeg"}],"twitter_card":"summary_large_image","twitter_misc":{"Szacowany czas czytania":"1 minuta"},"schema":{"@context":"https:\/\/schema.org","@graph":[{"@type":"WebPage","@id":"https:\/\/revesen.de\/index.php\/produkt\/fusbodendiele-milo\/","url":"https:\/\/revesen.de\/index.php\/produkt\/fusbodendiele-milo\/","name":"Fu\u00dfbodendiele \u2013 Milo - Revesen - producent pod\u0142\u00f3g drewnianych","isPartOf":{"@id":"https:\/\/revesen.de\/#website"},"primaryImageOfPage":{"@id":"https:\/\/revesen.de\/index.php\/produkt\/fusbodendiele-milo\/#primaryimage"},"image":{"@id":"https:\/\/revesen.de\/index.php\/produkt\/fusbodendiele-milo\/#primaryimage"},"thumbnailUrl":"https:\/\/revesen.de\/wp-content\/uploads\/2022\/06\/Milo4.jpeg","datePublished":"2022-06-15T12:44:30+00:00","dateModified":"2025-05-26T07:05:11+00:00","description":"Milo ist eine Farbe, die alle Blicke auf sich zieht und unbegrenzte M\u00f6glichkeiten bei der M\u00f6belwahl bietet \u2013 f\u00fcr ein Wohnambiente, das begeistert. Die Fu\u00dfbodendiele von Revesen hilft Ihnen dabei, mit Freude Ihr Traumzuhause zu gestalten.","breadcrumb":{"@id":"https:\/\/revesen.de\/index.php\/produkt\/fusbodendiele-milo\/#breadcrumb"},"inLanguage":"pl-PL","potentialAction":[{"@type":"ReadAction","target":["https:\/\/revesen.de\/index.php\/produkt\/fusbodendiele-milo\/"]}]},{"@type":"ImageObject","inLanguage":"pl-PL","@id":"https:\/\/revesen.de\/index.php\/produkt\/fusbodendiele-milo\/#primaryimage","url":"https:\/\/revesen.de\/wp-content\/uploads\/2022\/06\/Milo4.jpeg","contentUrl":"https:\/\/revesen.de\/wp-content\/uploads\/2022\/06\/Milo4.jpeg","width":913,"height":842},{"@type":"BreadcrumbList","@id":"https:\/\/revesen.de\/index.php\/produkt\/fusbodendiele-milo\/#breadcrumb","itemListElement":[{"@type":"ListItem","position":1,"name":"Strona g\u0142\u00f3wna","item":"https:\/\/revesen.de\/"},{"@type":"ListItem","position":2,"name":"Shop","item":"https:\/\/revesen.de\/index.php\/shop\/"},{"@type":"ListItem","position":3,"name":"Fu\u00dfbodendiele \u2013 Milo"}]},{"@type":"WebSite","@id":"https:\/\/revesen.de\/#website","url":"https:\/\/revesen.de\/","name":"Revesen - producent pod\u0142\u00f3g drewnianych - Nowy S\u0105cz, Gorlice","description":"Producent wysokiej jako\u015bci pod\u0142\u00f3g drewnianych z najwy\u017cszej jako\u015bci drewna","publisher":{"@id":"https:\/\/revesen.de\/#\/schema\/person\/0239b11af0fef7a3fce8892a684f3003"},"potentialAction":[{"@type":"SearchAction","target":{"@type":"EntryPoint","urlTemplate":"https:\/\/revesen.de\/?s={search_term_string}"},"query-input":{"@type":"PropertyValueSpecification","valueRequired":true,"valueName":"search_term_string"}}],"inLanguage":"pl-PL"},{"@type":["Person","Organization"],"@id":"https:\/\/revesen.de\/#\/schema\/person\/0239b11af0fef7a3fce8892a684f3003","name":"admin","image":{"@type":"ImageObject","inLanguage":"pl-PL","@id":"https:\/\/revesen.de\/wp-content\/uploads\/2022\/02\/logo-ciemne.jpg","url":"https:\/\/revesen.de\/wp-content\/uploads\/2022\/02\/logo-ciemne.jpg","contentUrl":"https:\/\/revesen.de\/wp-content\/uploads\/2022\/02\/logo-ciemne.jpg","width":233,"height":180,"caption":"admin"},"logo":{"@id":"https:\/\/revesen.de\/wp-content\/uploads\/2022\/02\/logo-ciemne.jpg"},"sameAs":["http:\/\/revesen.de"]}]}},"_links":{"self":[{"href":"https:\/\/revesen.de\/index.php\/wp-json\/wp\/v2\/product\/3658","targetHints":{"allow":["GET"]}}],"collection":[{"href":"https:\/\/revesen.de\/index.php\/wp-json\/wp\/v2\/product"}],"about":[{"href":"https:\/\/revesen.de\/index.php\/wp-json\/wp\/v2\/types\/product"}],"replies":[{"embeddable":true,"href":"https:\/\/revesen.de\/index.php\/wp-json\/wp\/v2\/comments?post=3658"}],"wp:featuredmedia":[{"embeddable":true,"href":"https:\/\/revesen.de\/index.php\/wp-json\/wp\/v2\/media\/3701"}],"wp:attachment":[{"href":"https:\/\/revesen.de\/index.php\/wp-json\/wp\/v2\/media?parent=3658"}],"wp:term":[{"taxonomy":"product_brand","embeddable":true,"href":"https:\/\/revesen.de\/index.php\/wp-json\/wp\/v2\/product_brand?post=3658"},{"taxonomy":"product_cat","embeddable":true,"href":"https:\/\/revesen.de\/index.php\/wp-json\/wp\/v2\/product_cat?post=3658"},{"taxonomy":"product_tag","embeddable":true,"href":"https:\/\/revesen.de\/index.php\/wp-json\/wp\/v2\/product_tag?post=3658"}],"curies":[{"name":"wp","href":"https:\/\/api.w.org\/{rel}","templated":true}]}}